{"id":33520,"date":"2023-01-27T16:17:14","date_gmt":"2023-01-27T15:17:14","guid":{"rendered":"https:\/\/beverageinstitute.ch\/?page_id=33520"},"modified":"2024-02-12T12:28:01","modified_gmt":"2024-02-12T11:28:01","slug":"seminars-brewing-in-practice","status":"publish","type":"page","link":"https:\/\/beverageinstitute.ch\/it\/brewing-courses\/seminars-brewing-in-practice\/","title":{"rendered":"Seminari &#8211; La produzione di birra in pratica"},"content":{"rendered":"\n<p><em><strong>Chi dovrebbe partecipare?<\/strong><\/em><\/p>\n<p>Avete differenze negli aromi, nei sapori ed eventualmente nel colore della vostra birra tra un lotto e l&#8217;altro? <br><br>Avete difficolt\u00e0 a produrre una birra con gli stessi sapori, aromi e colore in modo coerente tra i diversi lotti?<br><br>Desiderate produrre uno stile di birra diverso, ma avete difficolt\u00e0 nel processo di formulazione delle ricette?<br><br>Allora abbiamo un seminario che fa esattamente al caso vostro!<\/p>\n<p>I nostri seminari Brewing in Practice sono rivolti a birrai con esperienza di produzione di birra regolare e a livello professionale. I seminari sono un&#8217;opportunit\u00e0 per un birraio esperto di concentrarsi sul miglioramento delle proprie conoscenze su un aspetto specifico del processo di produzione della birra.<\/p>\n<p><em><strong>Quali vantaggi ne trarrete?<\/strong><\/em><\/p>\n<p>Durante i seminari ci concentriamo ed esaminiamo le opzioni relative a un aspetto specifico della produzione della birra. Alla fine dei seminari, avrete acquisito una comprensione pi\u00f9 approfondita sia delle propriet\u00e0 tecniche che di quelle chimiche attive in questo ciclo di produzione della birra. Avrete quindi le conoscenze per sperimentare ulteriormente con gli strumenti per produrre un prodotto commercialmente valido e stabile.&nbsp;<\/p>\n\n\n\n<p>\u00a0<\/p>\n<table style=\"border-collapse: collapse; width: 100%;\">\n<tbody>\n<tr>\n<td style=\"width: 50%;\">\n<p><img loading=\"lazy\" decoding=\"async\" class=\"alignnone size-medium wp-image-31083\" src=\"https:\/\/beverageinstitute.ch\/wp-content\/uploads\/2021\/11\/off-flavor-featured-image-300x200.jpg\" alt=\"\" width=\"300\" height=\"200\" srcset=\"https:\/\/beverageinstitute.ch\/wp-content\/uploads\/2021\/11\/off-flavor-featured-image-300x200.jpg 300w, https:\/\/beverageinstitute.ch\/wp-content\/uploads\/2021\/11\/off-flavor-featured-image-350x233.jpg 350w, https:\/\/beverageinstitute.ch\/wp-content\/uploads\/2021\/11\/off-flavor-featured-image.jpg 600w\" sizes=\"auto, (max-width: 300px) 100vw, 300px\" \/><\/p>\n<p class=\"p1\"><b>Aromi indesiderati e garanzia di qualit\u00e0<\/b><\/p>\n<p class=\"p1\"><b>durata del corso:<\/b> <em>un<\/em><i>\u00a0giorno<\/i><\/p>\n<p class=\"p1\"><b>prezzo:<\/b>\u00a0 CHF 320.&#8211;<\/p>\n<\/td>\n<td style=\"width: 50%;\">\n<p class=\"p1\">I principali cattivi sapori che avvertiamo come bevitori di birra provengono da due aree principali: durante il processo di produzione della birra (e molto probabilmente un sottoprodotto della salute del lievito) e durante il confezionamento e la manipolazione.<\/p>\n<p class=\"p1\">Imparerete a riconoscere e, con soluzioni pratiche, a evitare i problemi di cattivi sapori nella vostra birra.<\/p>\n<p class=\"p1\">Controllo qualit\u00e0, fornisce un&#8217;introduzione completa alle tecniche necessarie per la produzione di birra a livello commerciale. \u00c8 adatto a tutti coloro che desiderano approfondire le proprie conoscenze e competenze per garantire la qualit\u00e0 e la consistenza dei propri prodotti di birra.<\/p>\n<p class=\"p1\">Durante il seminario, metterete in prospettiva le tecniche di produzione della birra concentrandovi sui requisiti di un programma di garanzia della qualit\u00e0 e imparerete ad applicare alcune tecniche di controllo della qualit\u00e0 in loco nel vostro birrificio.<\/p>\n<p class=\"p1\">Farete pratica con tecniche che potranno poi essere applicate direttamente al vostro processo di produzione della birra. Se desiderate portare la vostra birra, saremo lieti di consigliarvi durante il corso.<\/p>\n<p class=\"p1\">\u00a0Valutazione:<\/p>\n<ul>\n<li class=\"p1\">Teoria &#8211; esame a scelta multipla alla fine del modulo<\/li>\n<li class=\"p1\">Pratica: degustazione alla cieca e riconoscimento dei difetti<\/li>\n<\/ul>\n<\/td>\n<\/tr>\n<tr>\n<td style=\"width: 50%;\">\n<p class=\"p1\"><b><img loading=\"lazy\" decoding=\"async\" class=\"alignnone size-medium wp-image-31191\" src=\"https:\/\/beverageinstitute.ch\/wp-content\/uploads\/2021\/11\/calculator-300x225.jpg\" alt=\"\" width=\"300\" height=\"225\" srcset=\"https:\/\/beverageinstitute.ch\/wp-content\/uploads\/2021\/11\/calculator-300x225.jpg 300w, https:\/\/beverageinstitute.ch\/wp-content\/uploads\/2021\/11\/calculator-350x263.jpg 350w, https:\/\/beverageinstitute.ch\/wp-content\/uploads\/2021\/11\/calculator-1024x768.jpg 1024w, https:\/\/beverageinstitute.ch\/wp-content\/uploads\/2021\/11\/calculator-768x576.jpg 768w, https:\/\/beverageinstitute.ch\/wp-content\/uploads\/2021\/11\/calculator-1536x1152.jpg 1536w, https:\/\/beverageinstitute.ch\/wp-content\/uploads\/2021\/11\/calculator-2048x1536.jpg 2048w\" sizes=\"auto, (max-width: 300px) 100vw, 300px\" \/>Calcoli per la produzione di birra<\/b><\/p>\n<p class=\"p1\"><b>durata del corso:<\/b> <i>un giorno<\/i><\/p>\n<p class=\"p1\"><b>prezzo:<\/b> CHF 320.&#8211;<\/p>\n<\/td>\n<td style=\"width: 50%;\">\n<p class=\"p1\">Nel corso del seminario, vi presenteremo i calcoli di produzione della birra che vengono utilizzati in ogni fase del processo di produzione della birra: dalla definizione delle quantit\u00e0 di malto utilizzate, al calcolo delle IBU di una birra, fino al calcolo preciso della carbonazione di una birra.<\/p>\n<p class=\"p1\">Alla fine del seminario:<\/p>\n<ul>\n<li class=\"p1\">Sarete in grado di calcolare con precisione le aggiunte di materie prime<\/li>\n<li class=\"p1\">Sarete in grado di calcolare con precisione le diverse fasi del processo, come il colore, la carbonazione e il raggiungimento della gravit\u00e0 target alla fine della bollitura<\/li>\n<li class=\"p1\">Sarete in grado di calcolare con precisione l&#8217;efficienza di birrificazione del vostro impianto<\/li>\n<\/ul>\n<p class=\"p1\">Valutazione:<\/p>\n<ul>\n<li class=\"p1\">Teoria &#8211; un esame che consiste in domande a scelta multipla e calcoli basati sui contenuti del corso<\/li>\n<\/ul>\n<\/td>\n<\/tr>\n<tr>\n<td style=\"width: 50%;\">\n<p class=\"p1\"><b><img loading=\"lazy\" decoding=\"async\" class=\"alignnone size-medium wp-image-30893\" src=\"https:\/\/beverageinstitute.ch\/wp-content\/uploads\/2021\/08\/IMG_0084-300x225.jpg\" alt=\"\" width=\"300\" height=\"225\" srcset=\"https:\/\/beverageinstitute.ch\/wp-content\/uploads\/2021\/08\/IMG_0084-300x225.jpg 300w, https:\/\/beverageinstitute.ch\/wp-content\/uploads\/2021\/08\/IMG_0084-350x263.jpg 350w, https:\/\/beverageinstitute.ch\/wp-content\/uploads\/2021\/08\/IMG_0084-1024x768.jpg 1024w, https:\/\/beverageinstitute.ch\/wp-content\/uploads\/2021\/08\/IMG_0084-768x576.jpg 768w, https:\/\/beverageinstitute.ch\/wp-content\/uploads\/2021\/08\/IMG_0084-1536x1152.jpg 1536w, https:\/\/beverageinstitute.ch\/wp-content\/uploads\/2021\/08\/IMG_0084-2048x1536.jpg 2048w\" sizes=\"auto, (max-width: 300px) 100vw, 300px\" \/>Birrificazione pressurizzata e riempimento del fusto sotto pressione<\/b><\/p>\n<p class=\"p1\"><b>durata del corso:<\/b> <i>un giorno<\/i><\/p>\n<p class=\"p1\"><b>prezzo:<\/b> CHF 320.&#8211;<\/p>\n<\/td>\n<td style=\"width: 50%;\">\n<p class=\"p1\">Nella tradizionale fermentazione per gravit\u00e0, la CO2 della birra viene lasciata fuoriuscire. Sebbene il processo sia semplice, richiede anche molti trasferimenti, dal recipiente di fermentazione primaria a quello secondario, fino all&#8217;imbottigliamento e al kegging.<\/p>\n<p class=\"p1\">Il processo di trasferimento espone la birra a ossigeno indesiderato durante la fermentazione, il che pu\u00f2 causare problemi.<\/p>\n<p class=\"p1\">Nella fermentazione a pressione, il fermentatore \u00e8 completamente sigillato e la CO2 \u00e8 intrappolata al suo interno. La fermentazione a pressione presenta diversi vantaggi:<\/p>\n<ul>\n<li class=\"p1\">possibilit\u00e0 di fermentare a temperature pi\u00f9 elevate<\/li>\n<li class=\"p1\">la birra pu\u00f2 carbonare naturalmente all&#8217;interno del recipiente<\/li>\n<li class=\"p1\">meno esteri e aromi di fusel nella birra.<\/li>\n<\/ul>\n<p class=\"p1\">Utilizzando la pressione, la birra completer\u00e0 il processo nello stesso recipiente in cui \u00e8 iniziata la fermentazione.<\/p>\n<p class=\"p1\">Durante il seminario, vi mostreremo come controllare il processo di fermentazione, verificare i livelli di carbonazione e discutere cosa fare quando la carbonazione non \u00e8 sufficiente (e come evitare problemi di eccessiva carbonazione&#8230;).<\/p>\n<p class=\"p1\">Successivamente trasferiremo la birra pressurizzata in un fusto e durante la giornata di corso effettueremo una valutazione della qualit\u00e0 della nostra birra pressurizzata.<\/p>\n<p class=\"p1\">Valutazione:<\/p>\n<ul>\n<li class=\"p1\">Teoria &#8211; un esame composto da domande a scelta multipla e a risposta breve<\/li>\n<\/ul>\n<\/td>\n<\/tr>\n<tr>\n<td style=\"width: 50%;\">\n<p class=\"p1\"><b><img loading=\"lazy\" decoding=\"async\" class=\"alignnone size-medium wp-image-31085\" src=\"https:\/\/beverageinstitute.ch\/wp-content\/uploads\/2021\/11\/quality_brew-300x160.jpg\" alt=\"\" width=\"300\" height=\"160\" srcset=\"https:\/\/beverageinstitute.ch\/wp-content\/uploads\/2021\/11\/quality_brew-300x160.jpg 300w, https:\/\/beverageinstitute.ch\/wp-content\/uploads\/2021\/11\/quality_brew.jpg 307w\" sizes=\"auto, (max-width: 300px) 100vw, 300px\" \/>Requisiti legali per la produzione di birra e HACCP<\/b><\/p>\n<p class=\"p1\"><b>durata del corso:<\/b> <i>un giorno<\/i><\/p>\n<p class=\"p1\"><b>prezzo:<\/b> CHF 320.&#8211;<\/p>\n<\/td>\n<td style=\"width: 50%;\">\n<p class=\"p1\">Questo seminario fornisce un&#8217;introduzione completa ai requisiti legali e alla creazione di un sistema di controllo HACCP per la produzione di birra a livello commerciale. \u00c8 adatto a tutti coloro che desiderano approfondire le proprie conoscenze e competenze per garantire la qualit\u00e0 e la coerenza dei propri prodotti di birra.<\/p>\n<p class=\"p1\">Durante il seminario, metterete in prospettiva le tecniche di produzione della birra concentrandovi sui requisiti di un programma HACCP e imparerete ad applicare le tecniche di controllo in loco nel vostro birrificio.<\/p>\n<p class=\"p1\">Valutazione:<\/p>\n<ul>\n<li class=\"p1\">Teoria &#8211; un esame composto da domande a scelta multipla e a risposta breve e da calcoli basati sui contenuti del corso<\/li>\n<\/ul>\n<\/td>\n<\/tr>\n<\/tbody>\n<\/table>\n<p class=\"p1\"><i>Si prega di notare che i nostri seminari sulla birra sono attualmente disponibili solo in lingua francese e tedesca; su richiesta, possiamo ospitare persone di lingua italiana.<\/i><\/p>\n<p class=\"p1\"><a href=\"https:\/\/beverageinstitute.ch\/it\/product-category\/brew-courses\/\" target=\"_blank\" rel=\"noopener\"><b><i>Per iscriversi a uno dei nostri seminari sulla birra, seguite questo link&#8230;<\/i><\/b><\/a><\/p>\n","protected":false},"excerpt":{"rendered":"<p>Chi dovrebbe partecipare? Avete differenze negli aromi, nei sapori ed eventualmente nel colore della vostra birra tra un lotto e l&#8217;altro? Avete difficolt\u00e0 a produrre una birra con gli stessi sapori, aromi e colore in modo coerente tra i diversi lotti? Desiderate produrre uno stile di birra diverso, ma avete difficolt\u00e0 nel processo di formulazione &hellip; <\/p>\n<p class=\"link-more\"><a href=\"https:\/\/beverageinstitute.ch\/it\/brewing-courses\/seminars-brewing-in-practice\/\" class=\"more-link\">Leggi tutto<span class=\"screen-reader-text\"> &#8220;Seminari &#8211; La produzione di birra in pratica&#8221;<\/span><\/a><\/p>\n","protected":false},"author":1,"featured_media":30894,"parent":28850,"menu_order":3,"comment_status":"closed","ping_status":"closed","template":"","meta":{"footnotes":""},"class_list":["post-33520","page","type-page","status-publish","has-post-thumbnail","hentry"],"translation":{"provider":"WPGlobus","version":"3.0.2","language":"it","enabled_languages":["en","de","fr","it"],"languages":{"en":{"title":true,"content":true,"excerpt":false},"de":{"title":true,"content":true,"excerpt":false},"fr":{"title":true,"content":true,"excerpt":false},"it":{"title":true,"content":true,"excerpt":false}}},"_links":{"self":[{"href":"https:\/\/beverageinstitute.ch\/it\/wp-json\/wp\/v2\/pages\/33520","targetHints":{"allow":["GET"]}}],"collection":[{"href":"https:\/\/beverageinstitute.ch\/it\/wp-json\/wp\/v2\/pages"}],"about":[{"href":"https:\/\/beverageinstitute.ch\/it\/wp-json\/wp\/v2\/types\/page"}],"author":[{"embeddable":true,"href":"https:\/\/beverageinstitute.ch\/it\/wp-json\/wp\/v2\/users\/1"}],"replies":[{"embeddable":true,"href":"https:\/\/beverageinstitute.ch\/it\/wp-json\/wp\/v2\/comments?post=33520"}],"version-history":[{"count":27,"href":"https:\/\/beverageinstitute.ch\/it\/wp-json\/wp\/v2\/pages\/33520\/revisions"}],"predecessor-version":[{"id":35142,"href":"https:\/\/beverageinstitute.ch\/it\/wp-json\/wp\/v2\/pages\/33520\/revisions\/35142"}],"up":[{"embeddable":true,"href":"https:\/\/beverageinstitute.ch\/it\/wp-json\/wp\/v2\/pages\/28850"}],"wp:featuredmedia":[{"embeddable":true,"href":"https:\/\/beverageinstitute.ch\/it\/wp-json\/wp\/v2\/media\/30894"}],"wp:attachment":[{"href":"https:\/\/beverageinstitute.ch\/it\/wp-json\/wp\/v2\/media?parent=33520"}],"curies":[{"name":"wp","href":"https:\/\/api.w.org\/{rel}","templated":true}]}}