{"id":34864,"date":"2023-10-12T14:55:59","date_gmt":"2023-10-12T12:55:59","guid":{"rendered":"https:\/\/beverageinstitute.ch\/?page_id=34864"},"modified":"2025-09-18T14:50:41","modified_gmt":"2025-09-18T12:50:41","slug":"champagne-specialist-understanding-and-recommending-champagne","status":"publish","type":"page","link":"https:\/\/beverageinstitute.ch\/it\/wine_courses\/champagne-specialist-understanding-and-recommending-champagne\/","title":{"rendered":"Livello 4 &#8220;Specialista dello champagne&#8221; comprendere e consigliare lo champagne"},"content":{"rendered":"\n<ul>\n<li><img loading=\"lazy\" decoding=\"async\" class=\" wp-image-34927 alignright\" src=\"https:\/\/beverageinstitute.ch\/wp-content\/uploads\/2020\/12\/Logo_Official-Training-Champagne-Education-300x300.png\" alt=\"\" width=\"149\" height=\"149\" \/>Una formazione approfondita sui diversi vini della Champagne e l&#8217;acquisizione di solide competenze nella degustazione e nella consulenza sui vini della Champagne.<\/li>\n<li>Un certificato offerto dal Comit\u00e9 Champagne, l&#8217;autorit\u00e0 ufficiale per i vini di Champagne<\/li>\n<\/ul>\n<p class=\"p1\"><b><i>chi dovrebbe partecipare?<\/i><\/b><\/p>\n<p class=\"p1\">Questo corso \u00e8 rivolto a enotecari, sommelier, professionisti della ristorazione, professionisti e dirigenti della distribuzione alimentare, buyer e personale di vendita dell&#8217;industria del vino e degli alcolici, professionisti dell&#8217;industria vitivinicola, professionisti del turismo del vino, giornalisti enologici, importatori, formatori di vino, studenti dell&#8217;industria alberghiera e della ristorazione e dell&#8217;industria del lusso.<\/p>\n<p class=\"p1\">Pi\u00f9 in generale, chiunque voglia approfondire le proprie conoscenze nel campo della raccomandazione dei vini di Champagne.<\/p>\n<p class=\"p1\"><b><i>quali vantaggi ne trarrete?<\/i><\/b><\/p>\n<p class=\"p1\">I candidati selezionati saranno in grado di:<\/p>\n<ul>\n<li class=\"p1\">comprendere e interpretare le etichette dei vini di Champagne<\/li>\n<li class=\"p1\">descrivere e valutare i vini di Champagne<\/li>\n<li class=\"p1\">sapere come conservare e servire i vini di Champagne in condizioni ottimali<\/li>\n<li class=\"p1\">consigliare un vino di Champagne accertando le aspettative e le esigenze del cliente e quindi fare una gamma di proposte in base alle sue necessit\u00e0<\/li>\n<li class=\"p1\">saper abbinare il cibo ai vini di Champagne<\/li>\n<\/ul>\n<p class=\"p1\"><b>Per ottenere questa qualifica, i candidati dovranno <\/b>&#8211; completare con successo:<\/p>\n<p class=\"p1\">una valutazione teorica<span class=\"Apple-converted-space\">\u00a0<\/span><\/p>\n<ul>\n<li class=\"p1\">trenta domande a scelta multipla<\/li>\n<li class=\"p1\">un caso pratico sotto forma di due brevi domande a risposta scritta<\/li>\n<\/ul>\n<p class=\"p1\">valutazione pratica<\/p>\n<ul>\n<li class=\"p1\">degustazione alla cieca di due champagne<\/li>\n<\/ul>\n<p class=\"p1\"><i>N.B. L&#8217;esame sar\u00e0 valutato e il certificato sar\u00e0 rilasciato dal Comit\u00e9 Champagne in Francia.<\/i><\/p>\n<p class=\"p1\"><b>Nel prezzo del corso sono inclusi <\/b>&#8211; il materiale didattico, i campioni di vino, l&#8217;esame di specializzazione in Champagne, l&#8217;insegnamento, l&#8217;accesso al sito di supporto allo studio per tutta la durata del corso.<\/p>\n<p class=\"p1\"><b>Formazione preliminare richiesta per questo corso:<\/b> &#8211; \u00e8 necessario che tutti i partecipanti al corso abbiano seguito e superato la <a href=\"https:\/\/www.champagne.education\/it\/e-learning-champagne-mooc\" target=\"_blank\" rel=\"noopener\">certificazione di livello 2 o 3 di Champagne Education E-Learning<\/a> prima del corso. Si prega di inviarci il certificato di completamento in formato elettronico prima del primo giorno di corso. Si raccomanda vivamente di aver completato con successo almeno la qualifica di livello 2 &#8211; WSET\u00ae in Vini.<\/p>\n<p class=\"p1\"><i>N.B. se non siete sicuri, contattateci, in modo che possiamo aiutarvi a scegliere il livello del corso in base alle vostre esigenze e ai vostri obiettivi.<\/i><\/p>\n<p class=\"p1\"><b>Ore di apprendimento guidate<\/b>: &#8211; si consiglia di dedicare almeno 21 ore di studio per completare il programma. Le ore saranno di solito una combinazione di ore di lezione e di studio. Si raccomanda inoltre che il tempo di insegnamento non sia inferiore a 12 ore.<\/p>\n<p class=\"p1\"><b>Percorsi di avanzamento<\/b> &#8211; Una volta completato con successo il programma &#8220;<i>Specialista dello champagne<\/i>&#8220;, il candidato pu\u00f2 passare alle seguenti qualifiche:<\/p>\n<p class=\"p1\"><b>Livello 3 &#8211; Qualifica WSET\u00ae in Vini:<\/b> &#8211; Per coloro che desiderano approfondire il mondo dei vini, questa qualifica fornisce una comprensione dettagliata dei fattori che influenzano lo stile, la qualit\u00e0 e il prezzo. Imparerete a valutare accuratamente i vini e a utilizzare le vostre conoscenze per prendere decisioni autorevoli.<\/p>\n<p class=\"p1\"><b>Si prega di notare che:<\/b> &#8211; il Livello 2 &#8211; Qualifica WSET\u00ae in Vini o un livello equivalente di esperienza \u00e8 richiesto per accedere al programma Livello 3 &#8211; Qualifica WSET\u00ae in Vini.<\/p>\n<p class=\"p1\"><b><i>Per iscriversi al corso &#8220;Specialista dello Champagne&#8221;, seguite questo link&#8230;<\/i><\/b><\/p>\n","protected":false},"excerpt":{"rendered":"<p>Una formazione approfondita sui diversi vini della Champagne e l&#8217;acquisizione di solide competenze nella degustazione e nella consulenza sui vini della Champagne. Un certificato offerto dal Comit\u00e9 Champagne, l&#8217;autorit\u00e0 ufficiale per i vini di Champagne chi dovrebbe partecipare? Questo corso \u00e8 rivolto a enotecari, sommelier, professionisti della ristorazione, professionisti e dirigenti della distribuzione alimentare, buyer &hellip; <\/p>\n<p class=\"link-more\"><a href=\"https:\/\/beverageinstitute.ch\/it\/wine_courses\/champagne-specialist-understanding-and-recommending-champagne\/\" class=\"more-link\">Leggi tutto<span class=\"screen-reader-text\"> &#8220;Livello 4 &#8220;Specialista dello champagne&#8221; comprendere e consigliare lo champagne&#8221;<\/span><\/a><\/p>\n","protected":false},"author":1,"featured_media":37720,"parent":28640,"menu_order":5,"comment_status":"closed","ping_status":"closed","template":"","meta":{"footnotes":""},"class_list":["post-34864","page","type-page","status-publish","has-post-thumbnail","hentry"],"translation":{"provider":"WPGlobus","version":"3.0.2","language":"it","enabled_languages":["en","de","fr","it"],"languages":{"en":{"title":true,"content":true,"excerpt":false},"de":{"title":true,"content":true,"excerpt":false},"fr":{"title":true,"content":true,"excerpt":false},"it":{"title":true,"content":true,"excerpt":false}}},"_links":{"self":[{"href":"https:\/\/beverageinstitute.ch\/it\/wp-json\/wp\/v2\/pages\/34864","targetHints":{"allow":["GET"]}}],"collection":[{"href":"https:\/\/beverageinstitute.ch\/it\/wp-json\/wp\/v2\/pages"}],"about":[{"href":"https:\/\/beverageinstitute.ch\/it\/wp-json\/wp\/v2\/types\/page"}],"author":[{"embeddable":true,"href":"https:\/\/beverageinstitute.ch\/it\/wp-json\/wp\/v2\/users\/1"}],"replies":[{"embeddable":true,"href":"https:\/\/beverageinstitute.ch\/it\/wp-json\/wp\/v2\/comments?post=34864"}],"version-history":[{"count":56,"href":"https:\/\/beverageinstitute.ch\/it\/wp-json\/wp\/v2\/pages\/34864\/revisions"}],"predecessor-version":[{"id":37962,"href":"https:\/\/beverageinstitute.ch\/it\/wp-json\/wp\/v2\/pages\/34864\/revisions\/37962"}],"up":[{"embeddable":true,"href":"https:\/\/beverageinstitute.ch\/it\/wp-json\/wp\/v2\/pages\/28640"}],"wp:featuredmedia":[{"embeddable":true,"href":"https:\/\/beverageinstitute.ch\/it\/wp-json\/wp\/v2\/media\/37720"}],"wp:attachment":[{"href":"https:\/\/beverageinstitute.ch\/it\/wp-json\/wp\/v2\/media?parent=34864"}],"curies":[{"name":"wp","href":"https:\/\/api.w.org\/{rel}","templated":true}]}}