{"id":38165,"date":"2026-05-14T07:39:05","date_gmt":"2026-05-14T05:39:05","guid":{"rendered":"https:\/\/beverageinstitute.ch\/?page_id=38165"},"modified":"2026-05-14T14:04:19","modified_gmt":"2026-05-14T12:04:19","slug":"level-3-wset-award-in-spirits","status":"publish","type":"page","link":"https:\/\/beverageinstitute.ch\/it\/distilling-courses\/level-3-wset-award-in-spirits\/","title":{"rendered":"Livello 3 &#8211; Qualifica WSET\u00ae\u00a0in Distillati"},"content":{"rendered":"\n<p><em>Si prega di notare che questo corso \u00e8 disponibile esclusivamente in lingua inglese.<\/em><\/p>\n<p><em><strong>A chi \u00e8 rivolto?<\/strong><\/em><\/p>\n<p>Il Livello 3 &#8211; qualifica WSET\u00ae in Distillati \u00e8 una qualifica di livello avanzato destinata a professionisti e appassionati che desideranon acquisire una conoscenza approfondita dei distillati di tutto il mondo e svilupparele competenze di degustazione necessarie per descrivere e valutare con precisione un distillato .<\/p>\n<p>Questa qualifica \u00e8 pensata per ampliare le conoscenze e le competenze acquisite con il Livello 2 &#8211; qualifica WSET\u00ae in distillati.<\/p>\n<p><em><strong>Quali sonno i vantaggi?<\/strong><\/em><\/p>\n<p>Il Livello 3 &#8211; qualifica WSET\u00ae in distillati \u00e8 una qualifica di livello avanzato destinata a professionisti e appassionati che desiderano acquisire una conoscenza approfondita dei distillati di tutto il mondo e sviluppare le competenze di degustazione necessarie per descrivere e valutare con precisione un distillato.<\/p>\n<p>Questa qualifica \u00e8 pensata per ampliare le conoscenze e le competenze acquisite con il livello 2 &#8211; qualifica WSET\u00ae in distillati.<\/p>\n<p><em><strong>Quali sono i vantaggi?<\/strong><\/em><\/p>\n<p>Acquisirai una profonda comprensione teorica delle tecniche utilizzate nella produzione dei distillati, dalla lavorazione delle materie prime alle operazioni post-distillazione Attraverso una combinazione di degustazioni e l&#8217;applicazione delle conoscenze teoriche, imparerai a spiegare con sicurezza perch\u00e9 i distillati hanno l&#8217;aspetto e il gusto che hanno e come e perch\u00e9 differiscono l&#8217;une dall&#8217;altro.<\/p>\n<p><strong>Schema del programma<\/strong><\/p>\n<p>Unit\u00e0 1<\/p>\n<p>una comprensione approfondita delle tecniche utilizzate nella produzione dei distillati:<\/p>\n<ul>\n<li>lavorazione delle materie prime<\/li>\n<li>fermentazione alcolica<\/li>\n<li>distillazione<\/li>\n<li>operazioni post-distillazione<\/li>\n<\/ul>\n<p>fattori che influenzano lo stile e la qualit\u00e0 dei distillati, con lo studio approfondito delle principali categorie di distillati:<\/p>\n<ul>\n<li>Scotch Whisky<\/li>\n<li>Bourbon<\/li>\n<li>Rye Whiskey<\/li>\n<li>Tennessee Whiskey<\/li>\n<li>Cognac<\/li>\n<li>Armagnac<\/li>\n<li>Rum dei Caraibi<\/li>\n<li>Tequila<\/li>\n<li>Mezcal<\/li>\n<li>Vodka<\/li>\n<li>Gin<\/li>\n<\/ul>\n<p>Una panoramica di 23 ulteriori categorie di distillati, con particolare attenzione a:<\/p>\n<ul>\n<li>principali metodi di produzione<\/li>\n<li>stili chiave<\/li>\n<li>termini chiave di etichettatura<\/li>\n<\/ul>\n<p>Unit\u00e0 2<\/p>\n<ul>\n<li>Come degustare e descrivere i distillati utilizzando l&#8217;approccio sistematico alla degustazione dei distillati WSET\u00ae di livello 3<\/li>\n<\/ul>\n<p><strong>Valutazione: <\/strong> L&#8217;esame a libro chiuso, della durata di 2 ore e mezza, si articola in due unit\u00e0:<\/p>\n<p><strong><em>Unit\u00e0 1: <\/em><\/strong>un esame teorico in due parti<\/p>\n<ul>\n<li>La Parte 1 consiste in 50 domande a scelta multipla<\/li>\n<li>La Parte 2 consiste in domande a risposta breve<\/li>\n<\/ul>\n<p><em><strong>Unit\u00e0 2:\u00a0<\/strong><\/em>un esame di degustazione di due campioni di distillati degustati alla cieca<\/p>\n<p>Per ottenere la qualifica \u00e8 necessario superare entrambe lle parti dell&#8217;esame teorico (Unit\u00e0 1) e dell&#8217;esame di degustazione (Unit\u00e0 2).<\/p>\n<p><em>Si prega di notare che, a partire dal 1\u00b0 agosto 2025, il WSET\u00ae rilascer\u00e0 solo certificati digitali e che \u00e8 necessario completare una procedura amministrativa prima dell&#8217;esame per assicurarsi di poter accedere al certificato digitale.<\/em><\/p>\n<p><strong>Il prezzo del corso include:\u00a0<\/strong>il materiale didattico, l&#8217;esame del Wine and Spirit Education Trust\u00a0<em>(riconosciuto in oltre 80 paesi nel mondo)<\/em> , le lezioni e l&#8217;accesso al nostro sito di supporto allo studio per tutta la durata del corso.<\/p>\n<p><strong>Conoscenze preliminari richieste:\u00a0<\/strong> il corso \u00e8 aperto agli studenti in possesso di una delle seguenti qualifiche: Livello 2 qualifica WSET\u00ae in distillati, diploma SBU, diploma IBA. Tuttavia, consigliamo il nostro corso Livello 2 Certificato &#8220;Specialista di Distillati&#8221;, che copre i due terzi del materiale didattico del Livello 3 qualifica WSET\u00ae in Distillati.<\/p>\n<p><em>Offriamo anche un esame di ammissione online per il Level 3 WSET\u00ae Award in Spirits: sostenere la proba non comporto alcun costo.<\/em><\/p>\n<p><em>N.B. In caso di dubbi, contattateci: saremo lieti di aiutarvi a scegliere il livello del corso pi\u00f9 adatto ai vostri obiettivi.<\/em><\/p>\n<p><strong>Ore di apprendimento guidati:\u00a0<\/strong>si raccomanda agli studenti di dedicare 84 ore di studio per completare con successo il programma composto da due unit\u00e0. Tali ore comprendo solitamente una combinazione di lezioni frontali e studio individuale.<\/p>\n<p><strong>Risultati di apprendimento:\u00a0<\/strong>al termine di questo corso, il candidato sar\u00e0 in grado di:<\/p>\n<ul>\n<li>Comprendere i principali fattori coinvolti nella produzione dei distillati e come questi influenzano lo stile e la qualit\u00e0<\/li>\n<li>Comprendere le caratteristiche chiave e l&#8217;etichettatura di alcuni distillati mondiali e come i quadri normativi e le scelte di produzione ne influenzino lo stile e la qualit\u00e0<\/li>\n<li>Conoscere le caratteristiche chiave di altri distillati mondiali specifici, i termini utilizzati nelle loro etichette e le principali scelte di produzione che vengono effettuate<\/li>\n<li>Descrivere le caratteristiche chiave di alcuni distillati mondiali e utilizzare la descrizione per identicare il tipo e la categoria. Identificare il livello di qualit\u00e0 e fornire le motivazioni a sostegno<\/li>\n<\/ul>\n<p><strong>Percorsi di avanzamento\u00a0<\/strong>&#8211; una volta completato il Livello 3 qualifica WSET\u00ae in Distillati, potresti essere interessato a:<\/p>\n<ul>\n<li>Livello 1 Introduzione alla distillatzione e all&#8217;aromatizzazione dei distillati<\/li>\n<li>Livello 2 qualifica WSET\u00ae in Vini<\/li>\n<li>Livello 3 qualifica WSET\u00ae in Vini<\/li>\n<li>Livello 3 Certificato Avanzato in Vini svizzeri<\/li>\n<li>Livello 4 Spezialista dello Champagne<\/li>\n<li>Livello 1 Introduzione alla birra e al servizio della birra<\/li>\n<li>Livello 2 qualifica WSET\u00ae in Birra<\/li>\n<\/ul>\n<p><em>Nota bene: per l&#8217;ammissione al programma livello 3 qualifica WSET\u00ae in Vini \u00e8 richiesto il livello 2 qualifica WSET\u00ae in Vini o un livello equivalente di conoscenze.<\/em><\/p>\n<p>Per inscriverti a un corso di Livello 3 qualifica WSET\u00ae in Distillati, <a href=\"https:\/\/beverageinstitute.ch\/it\/product-category\/spirits-courses\/\" target=\"_blank\" rel=\"noopener\">segui questo link\u2026<\/a><\/p>\n\n\n","protected":false},"excerpt":{"rendered":"<p>Si prega di notare che questo corso \u00e8 disponibile esclusivamente in lingua inglese. A chi \u00e8 rivolto? Il Livello 3 &#8211; qualifica WSET\u00ae in Distillati \u00e8 una qualifica di livello avanzato destinata a professionisti e appassionati che desideranon acquisire una conoscenza approfondita dei distillati di tutto il mondo e svilupparele competenze di degustazione necessarie per &hellip; <\/p>\n<p class=\"link-more\"><a href=\"https:\/\/beverageinstitute.ch\/it\/distilling-courses\/level-3-wset-award-in-spirits\/\" class=\"more-link\">Leggi tutto<span class=\"screen-reader-text\"> &#8220;Livello 3 &#8211; Qualifica WSET\u00ae\u00a0in Distillati&#8221;<\/span><\/a><\/p>\n","protected":false},"author":1,"featured_media":30810,"parent":28853,"menu_order":0,"comment_status":"closed","ping_status":"closed","template":"","meta":{"footnotes":""},"class_list":["post-38165","page","type-page","status-publish","has-post-thumbnail","hentry"],"translation":{"provider":"WPGlobus","version":"3.0.2","language":"it","enabled_languages":["en","de","fr","it"],"languages":{"en":{"title":true,"content":true,"excerpt":false},"de":{"title":true,"content":true,"excerpt":false},"fr":{"title":true,"content":true,"excerpt":false},"it":{"title":true,"content":true,"excerpt":false}}},"_links":{"self":[{"href":"https:\/\/beverageinstitute.ch\/it\/wp-json\/wp\/v2\/pages\/38165","targetHints":{"allow":["GET"]}}],"collection":[{"href":"https:\/\/beverageinstitute.ch\/it\/wp-json\/wp\/v2\/pages"}],"about":[{"href":"https:\/\/beverageinstitute.ch\/it\/wp-json\/wp\/v2\/types\/page"}],"author":[{"embeddable":true,"href":"https:\/\/beverageinstitute.ch\/it\/wp-json\/wp\/v2\/users\/1"}],"replies":[{"embeddable":true,"href":"https:\/\/beverageinstitute.ch\/it\/wp-json\/wp\/v2\/comments?post=38165"}],"version-history":[{"count":8,"href":"https:\/\/beverageinstitute.ch\/it\/wp-json\/wp\/v2\/pages\/38165\/revisions"}],"predecessor-version":[{"id":38239,"href":"https:\/\/beverageinstitute.ch\/it\/wp-json\/wp\/v2\/pages\/38165\/revisions\/38239"}],"up":[{"embeddable":true,"href":"https:\/\/beverageinstitute.ch\/it\/wp-json\/wp\/v2\/pages\/28853"}],"wp:featuredmedia":[{"embeddable":true,"href":"https:\/\/beverageinstitute.ch\/it\/wp-json\/wp\/v2\/media\/30810"}],"wp:attachment":[{"href":"https:\/\/beverageinstitute.ch\/it\/wp-json\/wp\/v2\/media?parent=38165"}],"curies":[{"name":"wp","href":"https:\/\/api.w.org\/{rel}","templated":true}]}}