{"id":36892,"date":"2025-02-12T13:38:10","date_gmt":"2025-02-12T12:38:10","guid":{"rendered":"https:\/\/beverageinstitute.ch\/?post_type=product&#038;p=36892"},"modified":"2025-03-31T14:17:57","modified_gmt":"2025-03-31T12:17:57","slug":"niveau-1-introduction-a-la-distillation-laromatisation-des-spiritueux-12-09-2025-bienne-cloture-des-inscriptions-le-04-09-2025","status":"publish","type":"product","link":"https:\/\/beverageinstitute.ch\/it\/product\/niveau-1-introduction-a-la-distillation-laromatisation-des-spiritueux-12-09-2025-bienne-cloture-des-inscriptions-le-04-09-2025\/","title":{"rendered":"Niveau 1 &#8211; Introduction \u00e0 la distillation &#8211; 12.09.2025 &#8211; Berne &#8211; cl\u00f4ture des inscriptions le 04.09.2025"},"content":{"rendered":"<p class=\"p1\"><b><i>\u00e0 qui s&#8217;adresse ce cours ?<\/i><\/b><\/p>\n<p class=\"p1\">L&#8217;introduction \u00e0 la distillation est un cours d&#8217;une journ\u00e9e qui fournit une introduction pratique aux principes de la distillation. Au cours de la journ\u00e9e, nous nous concentrerons \u00e9galement sur le processus d&#8217;aromatisation des spiritueux, sur les diff\u00e9rentes m\u00e9thodes disponibles et sur la mani\u00e8re de les appliquer dans la pratique. Les principales cat\u00e9gories de plantes utilis\u00e9es dans la production de gin et les diff\u00e9rences entre certains ingr\u00e9dients en fonction de l&#8217;endroit o\u00f9 ils ont \u00e9t\u00e9 cultiv\u00e9s ou trait\u00e9s.<\/p>\n<p class=\"p1\">Il convient \u00e0 tous ceux qui souhaitent comprendre le processus de distillation et la fa\u00e7on dont les spiritueux sont fabriqu\u00e9s.<\/p>\n<p class=\"p1\"><b><i>Quels sont les avantages ?<\/i><\/b><\/p>\n<p class=\"p1\">Ce cours est id\u00e9al pour tous ceux qui s&#8217;int\u00e9ressent \u00e0 la production de spiritueux ou qui travaillent dans un bar, un restaurant ou un h\u00f4tel, ainsi que pour tous ceux qui travaillent dans le domaine commercial pour un n\u00e9gociant ou une entreprise qui importe des spiritueux.<\/p>\n<p class=\"p1\">Ce sera \u00e9galement une introduction viable \u00e0 l&#8217;industrie des spiritueux pour tous ceux qui sont int\u00e9ress\u00e9s \u00e0 poursuivre une carri\u00e8re dans la production de spiritueux.<\/p>\n<p class=\"p1\"><b><i>Programme g\u00e9n\u00e9ral<\/i><\/b><\/p>\n<ul>\n<li class=\"p1\">une introduction aux principes de la distillation<\/li>\n<li class=\"p1\">le contr\u00f4le de la temp\u00e9rature dans la distillation et pourquoi c&#8217;est important<\/li>\n<li class=\"p1\">les aspects l\u00e9gaux de la distillation en Suisse<\/li>\n<li class=\"p1\">les mat\u00e9riaux de base utilis\u00e9s pour produire l&#8217;alcool de base<\/li>\n<li class=\"p1\">les ar\u00f4mes et la mani\u00e8re de les ajouter<\/li>\n<li class=\"p1\">la sant\u00e9 et la s\u00e9curit\u00e9 dans le cadre de la production et de la consommation d&#8217;alcool.<\/li>\n<\/ul>\n<p class=\"p1\"><b>Session pratique<\/b> &#8211; Au cours de la journ\u00e9e, vous d\u00e9couvrirez les principales diff\u00e9rences entre la distillation avec un alambic \u00e0 repasse et un appareil de distillation \u00e0 colonne, ainsi que leurs avantages et inconv\u00e9nients respectifs.<\/p>\n<p>Nous nous concentrons \u00e9galement sur les principales cat\u00e9gories &#8220;botaniques&#8221; utilis\u00e9es pour aromatiser le gin et sur le processus de formulation d&#8217;une &#8220;recette&#8221; pour l&#8217;aromatisation d&#8217;un spiritueux de base neutre.<\/p>\n<p class=\"p1\"><b><i>Cette qualification comprend une \u00e9valuation formative o\u00f9 les candidats doivent &#8211;<\/i><\/b><\/p>\n<p class=\"p1\"><span class=\"Apple-converted-space\">\u00a0<\/span>R\u00e9ussir :<\/p>\n<ul>\n<li class=\"p1\">un questionnaire \u00e0 choix multiple de 30 questions<\/li>\n<\/ul>\n<p class=\"p1\"><b>Sont inclus dans le prix du cours<\/b> &#8211; le mat\u00e9riel d&#8217;\u00e9tude ainsi que les mati\u00e8res premi\u00e8res \u00e0 utiliser dans l&#8217;approche pratique du cours.<\/p>\n<p class=\"p1\"><b>Connaissances pr\u00e9alables requises pour le cours:<\/b> &#8211; aucune connaissance pr\u00e9alable n&#8217;est requise, cependant, un avantage est d&#8217;avoir suivi et r\u00e9ussi la qualification WSET\u00ae Niveau 2 en spiritueux.<\/p>\n<p class=\"p1\"><i>(Si vous n&#8217;\u00eates pas s\u00fbr, contactez-nous, afin que nous puissions vous aider \u00e0 choisir le niveau de cours en fonction de vos besoins et objectifs)<\/i><\/p>\n<p class=\"p1\"><b>Heures d&#8217;apprentissage guid\u00e9:<\/b> &#8211; il est recommand\u00e9 au candidat de consacrer 1 heure d&#8217;\u00e9tude en classe. Le cours est con\u00e7u de telle sorte qu&#8217;aucun temps d&#8217;\u00e9tude en dehors des heures de cours n&#8217;est n\u00e9cessaire.<\/p>\n<p class=\"p1\"><b>R\u00e9sultats d&#8217;apprentissage:<\/b> &#8211; \u00e0 la fin de ce cours, le candidat doit \u00eatre capable de :<\/p>\n<ul>\n<li class=\"p1\">montrer une compr\u00e9hension g\u00e9n\u00e9rale des principes de la distillation<\/li>\n<li class=\"p1\">montrer une compr\u00e9hension du processus de distillation<\/li>\n<li class=\"p1\">se familiariser avec les ingr\u00e9dients de base utilis\u00e9s pour produire de l&#8217;alcool qui sera ensuite concentr\u00e9 pour produire un spiritueux<\/li>\n<li class=\"p1\">montrer une familiarit\u00e9 avec les aspects l\u00e9gaux de la production de spiritueux en Suisse<\/li>\n<li class=\"p1\">comprendre l&#8217;importance de la sant\u00e9 et de la s\u00e9curit\u00e9 dans le cadre de la consommation de spiritueux.<\/li>\n<\/ul>\n<p class=\"p1\"><b>Aide financi\u00e8re:<\/b><\/p>\n<p class=\"p1\">Pour ceux d&#8217;entre vous qui sont employ\u00e9s ou responsables d&#8217;un restaurant, d&#8217;un h\u00f4tel, d&#8217;un bar ou d&#8217;une bo\u00eete de nuit dans l&#8217;un des cantons suivants, il est possible de b\u00e9n\u00e9ficier d&#8217;une subvention pour le prix du cours.<\/p>\n<p class=\"p1\">Les cantons avec lesquels nous avons actuellement un accord sont:<\/p>\n<ul class=\"ul1\">\n<li class=\"li2\">Fribourg<\/li>\n<li class=\"li2\">Gen\u00e8ve &#8211; il est possible de demander &#8220;<a href=\"https:\/\/www.ge.ch\/parcourir\/aides-financieres-argent-impots\/aides-formation\"><span class=\"s1\">une bourse ou un pr\u00eat<\/span><\/a>&#8221; aupr\u00e9s du Canton<\/li>\n<li class=\"li2\">Jura<\/li>\n<li class=\"li2\">Neuch\u00e2tel<\/li>\n<li class=\"li2\">Valais &#8211; ritzy formation continue<\/li>\n<\/ul>\n<p class=\"p1\">nous travaillons sur la possibilit\u00e9 d&#8217;offrir aux candidats d&#8217;autres cantons le m\u00eame niveau d&#8217;assistance. D\u00e8s que cela sera possible, nous vous en informerons.<\/p>\n<p class=\"p2\">Pour les cantons pour lesquels nous avons actuellement un accord, contactez-nous et nous vous aiderons dans vos d\u00e9marches. Nous nous r\u00e9jouissons de vous accueillir au prochain cours.<\/p>\n","protected":false},"excerpt":{"rendered":"<p><em>Si vous voulez savoir comment sont produits le gin, l&#8217;absinthe, l&#8217;anis, la sambuca, l&#8217;ouzo, le chinch\u00f3n, le patxar\u00e1n et d&#8217;autres spiritueux aromatis\u00e9s, ce cours est fait pour vous!<\/em><\/p>\n<p><em>Nous aborderons en pratique les diff\u00e9rentes m\u00e9thodes utilis\u00e9es pour aromatiser un spiritueux au cours de la journ\u00e9e.<\/em><\/p>\n<table style=\"border-collapse: collapse; width: 100%;\">\n<tbody>\n<tr>\n<td style=\"width: 100%;\" colspan=\"2\">\n<p style=\"text-align: center;\"><strong>Vendredi, le 12 septembre 2025<\/strong><\/p>\n<p style=\"text-align: center;\">Enseignement, mat\u00e9riel d&#8217;\u00e9tude et examen en langue fran\u00e7aise<\/p>\n<\/td>\n<\/tr>\n<tr>\n<td style=\"width: 31.2069%; text-align: center;\"><em>\u00e0 partir de 08:15<\/em><\/td>\n<td style=\"width: 68.7931%; text-align: center;\"><em>Bienvenue<\/em><\/td>\n<\/tr>\n<tr>\n<td style=\"width: 31.2069%; text-align: center;\">08:30<\/td>\n<td style=\"width: 68.7931%; text-align: center;\">Introduction au cours et les objectifs d&#8217;apprentissage<\/td>\n<\/tr>\n<tr>\n<td style=\"width: 31.2069%; text-align: center;\">08:40<\/td>\n<td style=\"width: 68.7931%; text-align: center;\">La loi concernant la distillation en Suisse<\/td>\n<\/tr>\n<tr>\n<td style=\"width: 31.2069%; text-align: center;\">09:00<\/td>\n<td style=\"width: 68.7931%; text-align: center;\">Sant\u00e9 et s\u00e9curit\u00e9 par rapport \u00e0 la distillation et la consommation des produits distill\u00e9s<\/td>\n<\/tr>\n<tr>\n<td style=\"width: 31.2069%; text-align: center;\">09:15<\/td>\n<td style=\"width: 68.7931%; text-align: center;\">La distillation et la configuration d&#8217;un alambic\u00a0<em>(colonne ou alembic \u00e0 r\u00e9passe)<\/em><\/td>\n<\/tr>\n<tr>\n<td style=\"width: 31.2069%; text-align: center;\">09:30<\/td>\n<td style=\"width: 68.7931%; text-align: center;\">Cat\u00e9gories de &#8220;botaniques&#8221; et comment aromatiser un alcool neutre<\/td>\n<\/tr>\n<tr>\n<td style=\"width: 31.2069%; text-align: center;\">09:40<\/td>\n<td style=\"width: 68.7931%; text-align: center;\">1er exercice pratique de distillation<\/p>\n<p>les principes<\/td>\n<\/tr>\n<tr>\n<td style=\"width: 31.2069%; text-align: center;\">10:00<\/td>\n<td style=\"width: 68.7931%; text-align: center;\">La base d&#8217;alcool pour la distillation<\/p>\n<ul>\n<li>choix des mati\u00e8res premi\u00e8res et validit\u00e9 pour la production d&#8217;alcool<\/li>\n<\/ul>\n<\/td>\n<\/tr>\n<tr>\n<td style=\"width: 31.2069%; text-align: center;\">10:30<\/td>\n<td style=\"width: 68.7931%; text-align: center;\">2\u00e8me exercice pratique de distillation<\/p>\n<ul>\n<li>aromatiser une eau-de-vie<\/li>\n<li>assemblage et analyse sensorielle<\/li>\n<\/ul>\n<\/td>\n<\/tr>\n<tr>\n<td style=\"width: 31.2069%; text-align: center;\"><em>12:00<\/em><\/td>\n<td style=\"width: 68.7931%; text-align: center;\"><em>Pause d\u00e9jeuner<\/em><\/td>\n<\/tr>\n<tr>\n<td style=\"width: 31.2069%; text-align: center;\">13:00<\/td>\n<td style=\"width: 68.7931%; text-align: center;\">3\u00e8me exercice pratique de distillation &#8211; alembic \u00e0 r\u00e9passe<\/p>\n<ul>\n<li>Pr\u00e9paration des ingr\u00e9dients<\/li>\n<\/ul>\n<\/td>\n<\/tr>\n<tr>\n<td style=\"width: 31.2069%; text-align: center;\">14:00<\/td>\n<td style=\"width: 68.7931%; text-align: center;\">M\u00e9thodes utilis\u00e9es pour la pr\u00e9paration<\/td>\n<\/tr>\n<tr>\n<td style=\"width: 31.2069%; text-align: center;\">14:40<\/td>\n<td style=\"width: 68.7931%; text-align: center;\">\n<ul>\n<li>D\u00e9gustation<\/li>\n<\/ul>\n<\/td>\n<\/tr>\n<tr>\n<td style=\"width: 31.2069%; text-align: center;\">16:20<\/td>\n<td style=\"width: 68.7931%; text-align: center;\">Feedback et questions<\/td>\n<\/tr>\n<tr>\n<td style=\"width: 31.2069%; text-align: center;\"><em>16:30<\/em><\/td>\n<td style=\"width: 68.7931%; text-align: center;\"><em>Fin du cours<\/em><\/td>\n<\/tr>\n<\/tbody>\n<\/table>\n<ul>\n<li>Veuillez cr\u00e9er votre profil et connectez-vous afin de pouvoir r\u00e9server votre place sur ce cours.<\/li>\n<\/ul>\n<p><em>N.B. Nous acceptons les paiements par carte de cr\u00e9dit \u00e0 travers le syst\u00e8me de SumUp, mais vous pouvez aussi payer par virement bancaire. Veuillez noter que nous aurons besoin que vous pour compl\u00e9tez les informations d&#8217;inscription, afin de terminer le processus d&#8217;inscription le plus rapidement possible pour vous.<\/em><\/p>\n<p><em><strong>Lieu du cours:<img loading=\"lazy\" decoding=\"async\" class=\" wp-image-37100 alignright\" src=\"https:\/\/beverageinstitute.ch\/wp-content\/uploads\/2025\/03\/Screenshot-2025-03-28-at-17.21.36-300x260.png\" alt=\"\" width=\"174\" height=\"150\" srcset=\"https:\/\/beverageinstitute.ch\/wp-content\/uploads\/2025\/03\/Screenshot-2025-03-28-at-17.21.36-300x260.png 300w, https:\/\/beverageinstitute.ch\/wp-content\/uploads\/2025\/03\/Screenshot-2025-03-28-at-17.21.36-350x303.png 350w, https:\/\/beverageinstitute.ch\/wp-content\/uploads\/2025\/03\/Screenshot-2025-03-28-at-17.21.36-1024x887.png 1024w, https:\/\/beverageinstitute.ch\/wp-content\/uploads\/2025\/03\/Screenshot-2025-03-28-at-17.21.36-768x666.png 768w, https:\/\/beverageinstitute.ch\/wp-content\/uploads\/2025\/03\/Screenshot-2025-03-28-at-17.21.36.png 1244w\" sizes=\"auto, (max-width: 174px) 100vw, 174px\" \/><\/strong><\/em><\/p>\n<p>The Beverage Institute<\/p>\n<p>Bernapark 1<\/p>\n<p>CH-3066 Stettlen<\/p>\n<p><em>Arr\u00eat \u00e0 la gare de &#8220;Deisswil&#8221;, 14 minutes avec le S7 de la gare principale de Berne, train toutes les 15 minutes.<\/em><\/p>\n","protected":false},"featured_media":32135,"template":"","meta":[],"product_brand":[],"product_cat":[133],"product_tag":[117,113,114,116,115],"class_list":{"0":"post-36892","1":"product","2":"type-product","3":"status-publish","4":"has-post-thumbnail","6":"product_cat-distillation_courses","7":"product_tag-apprendre-a-distiller","8":"product_tag-distillation","9":"product_tag-distiller","10":"product_tag-eau-de-vie","11":"product_tag-spiritueux","13":"first","14":"instock","15":"shipping-taxable","16":"purchasable","17":"product-type-simple"},"translation":{"provider":"WPGlobus","version":"3.0.2","language":"it","enabled_languages":["en","de","fr","it"],"languages":{"en":{"title":true,"content":true,"excerpt":true},"de":{"title":false,"content":false,"excerpt":false},"fr":{"title":false,"content":false,"excerpt":false},"it":{"title":false,"content":false,"excerpt":false}}},"_links":{"self":[{"href":"https:\/\/beverageinstitute.ch\/it\/wp-json\/wp\/v2\/product\/36892","targetHints":{"allow":["GET"]}}],"collection":[{"href":"https:\/\/beverageinstitute.ch\/it\/wp-json\/wp\/v2\/product"}],"about":[{"href":"https:\/\/beverageinstitute.ch\/it\/wp-json\/wp\/v2\/types\/product"}],"wp:featuredmedia":[{"embeddable":true,"href":"https:\/\/beverageinstitute.ch\/it\/wp-json\/wp\/v2\/media\/32135"}],"wp:attachment":[{"href":"https:\/\/beverageinstitute.ch\/it\/wp-json\/wp\/v2\/media?parent=36892"}],"wp:term":[{"taxonomy":"product_brand","embeddable":true,"href":"https:\/\/beverageinstitute.ch\/it\/wp-json\/wp\/v2\/product_brand?post=36892"},{"taxonomy":"product_cat","embeddable":true,"href":"https:\/\/beverageinstitute.ch\/it\/wp-json\/wp\/v2\/product_cat?post=36892"},{"taxonomy":"product_tag","embeddable":true,"href":"https:\/\/beverageinstitute.ch\/it\/wp-json\/wp\/v2\/product_tag?post=36892"}],"curies":[{"name":"wp","href":"https:\/\/api.w.org\/{rel}","templated":true}]}}