{"id":37714,"date":"2025-08-05T08:29:31","date_gmt":"2025-08-05T06:29:31","guid":{"rendered":"https:\/\/beverageinstitute.ch\/?post_type=product&#038;p=37714"},"modified":"2026-03-10T07:18:25","modified_gmt":"2026-03-10T06:18:25","slug":"formation-champagne-specialiste-02-06-2026-fribourg-cloture-des-inscriptions-le-18-05-2026","status":"publish","type":"product","link":"https:\/\/beverageinstitute.ch\/it\/product\/formation-champagne-specialiste-02-06-2026-fribourg-cloture-des-inscriptions-le-18-05-2026\/","title":{"rendered":"Formation Champagne Sp\u00e9cialiste &#8211; 02.06.2026 &#8211; Fribourg &#8211; cl\u00f4ture des inscriptions le 18.05.2026"},"content":{"rendered":"<p><em><strong>&#8220;Champagne Sp\u00e9cialiste&#8221;<\/strong> &#8211; comprendre et conseiller les vins de Champagne<\/em><\/p>\n<table style=\"border-collapse: collapse; width: 100%;\">\n<tbody>\n<tr>\n<td style=\"width: 12.5862%; text-align: center;\" colspan=\"2\"><strong>Mardi, le 2 juin 2026<\/strong><\/td>\n<\/tr>\n<tr>\n<td style=\"width: 12.5862%;\"><em>08:15<\/em><\/td>\n<td style=\"width: 87.4138%;\"><em>Bienvenue<\/em><\/td>\n<\/tr>\n<tr>\n<td style=\"width: 12.5862%;\">08:30<\/td>\n<td style=\"width: 87.4138%;\">Introduction au cours et aux objectifs<\/td>\n<\/tr>\n<tr>\n<td style=\"width: 12.5862%;\">08:40<\/td>\n<td style=\"width: 87.4138%;\">Champagne &#8211; la r\u00e9gion<\/td>\n<\/tr>\n<tr>\n<td style=\"width: 12.5862%;\">09:20<\/td>\n<td style=\"width: 87.4138%;\">L&#8217;appellation Champagne<\/td>\n<\/tr>\n<tr>\n<td style=\"width: 12.5862%;\">09:45<\/td>\n<td style=\"width: 87.4138%;\">D\u00e9gustation<\/td>\n<\/tr>\n<tr>\n<td style=\"width: 12.5862%;\">10:30<\/td>\n<td style=\"width: 87.4138%;\">Association Champagne et les mets avec exercice pratique<\/td>\n<\/tr>\n<tr>\n<td style=\"width: 12.5862%;\"><em>11:30<\/em><\/td>\n<td style=\"width: 87.4138%;\"><em>Pause d\u00e9jeuner<\/em><\/td>\n<\/tr>\n<tr>\n<td style=\"width: 12.5862%;\">12:30<\/td>\n<td style=\"width: 87.4138%;\">Champagne &#8211; le terroir<\/td>\n<\/tr>\n<tr>\n<td style=\"width: 12.5862%;\">13:30<\/td>\n<td style=\"width: 87.4138%;\">Les c\u00e9pages<\/td>\n<\/tr>\n<tr>\n<td style=\"width: 12.5862%;\">14:00<\/td>\n<td style=\"width: 87.4138%;\">D\u00e9gustation<\/td>\n<\/tr>\n<tr>\n<td style=\"width: 12.5862%;\">14:30<\/td>\n<td style=\"width: 87.4138%;\">exercice pratique &#8211; connaissances Champagne<\/td>\n<\/tr>\n<tr>\n<td style=\"width: 12.5862%;\">15:30<\/td>\n<td style=\"width: 87.4138%;\">Champagne &#8211; la vinification<\/td>\n<\/tr>\n<tr>\n<td style=\"width: 12.5862%;\"><em>16:30<\/em><\/td>\n<td style=\"width: 87.4138%;\"><em>fin de la premi\u00e8re journ\u00e9e du cours<\/em><\/td>\n<\/tr>\n<tr>\n<td style=\"width: 12.5862%; text-align: center;\" colspan=\"2\"><strong>Mardi, le 9 juin 2026<\/strong><\/td>\n<\/tr>\n<tr>\n<td style=\"width: 12.5862%;\"><em>08:15<\/em><\/td>\n<td style=\"width: 87.4138%;\"><em>Bienvenue<\/em><\/td>\n<\/tr>\n<tr>\n<td style=\"width: 12.5862%;\">08:30<\/td>\n<td style=\"width: 87.4138%;\">Champagne &#8211; la vinification et les styles de Champagne<\/td>\n<\/tr>\n<tr>\n<td style=\"width: 12.5862%;\">10:00<\/td>\n<td style=\"width: 87.4138%;\">D\u00e9gustation<\/td>\n<\/tr>\n<tr>\n<td style=\"width: 12.5862%;\">10:30<\/td>\n<td style=\"width: 87.4138%;\">exercice pratique &#8211; le caviste<\/td>\n<\/tr>\n<tr>\n<td style=\"width: 12.5862%;\"><em>11:30<\/em><\/td>\n<td style=\"width: 87.4138%;\"><em>Pause d\u00e9jeuner<\/em><\/td>\n<\/tr>\n<tr>\n<td style=\"width: 12.5862%;\">12:30<\/td>\n<td style=\"width: 87.4138%;\">Champagne &#8211; recommendations, le service et le stockage<\/td>\n<\/tr>\n<tr>\n<td style=\"width: 12.5862%;\">13:00<\/td>\n<td style=\"width: 87.4138%;\">D\u00e9gustation<\/td>\n<\/tr>\n<tr>\n<td style=\"width: 12.5862%;\">13:30<\/td>\n<td style=\"width: 87.4138%;\">exercice pratique &#8211; le n\u00e9gociant<\/td>\n<\/tr>\n<tr>\n<td style=\"width: 12.5862%;\">14:15<\/td>\n<td style=\"width: 87.4138%;\">R\u00e9vision<\/td>\n<\/tr>\n<tr>\n<td style=\"width: 12.5862%;\"><em>14:30<\/em><\/td>\n<td style=\"width: 87.4138%;\"><em>Courte pause<\/em><\/td>\n<\/tr>\n<tr>\n<td style=\"width: 12.5862%;\">15:00<\/td>\n<td style=\"width: 87.4138%;\">Examen<\/td>\n<\/tr>\n<tr>\n<td style=\"width: 12.5862%;\"><em>16:30<\/em><\/td>\n<td style=\"width: 87.4138%;\"><em>Fin de l&#8217;examen et du cours<\/em><\/td>\n<\/tr>\n<\/tbody>\n<\/table>\n<ul>\n<li>Veuillez noter que ce cours est organis\u00e9 en partenariat avec GastroFribourg. Veuillez contacter le s\u00e9cretariat de <a href=\"https:\/\/www.gastrofribourg.ch\/fr\/formation\/cours-de-perfectionnement?f%5B0%5D=theme%3A34\" target=\"_blank\" rel=\"noopener\">GastroFribourg pour r\u00e9server votre place<\/a><\/li>\n<\/ul>\n","protected":false},"excerpt":{"rendered":"<p class=\"p1\"><em><strong>&#8220;Sp\u00e9cialiste du champagne&#8221; &#8211; comprendre et recommander le champagne<\/strong><\/em><\/p>\n<ul>\n<li><strong>Une formation d&#8217;approfondissement <\/strong>sur les divers vins de Champagne et\u00a0l&#8217;acquisition de solides comp\u00e9tences en d\u00e9gustation et conseil en vins de Champagne<\/li>\n<li><strong>Un Certificat propos\u00e9 par le Comit\u00e9 Champagne,\u00a0<\/strong>autorit\u00e9 officielle des vins de Champagne<\/li>\n<\/ul>\n<p class=\"p1\"><b><i>qui doit participer ?<\/i><\/b><\/p>\n<p class=\"p1\">Ce cours s&#8217;adresse aux cavistes, sommeliers, professionnels de la restauration, professionnels et cadres de la distribution alimentaire, acheteurs et vendeurs de l&#8217;industrie des vins et spiritueux, professionnels de la viticulture, professionnels de l&#8217;\u0153notourisme, journalistes du vin, importateurs, formateurs en \u0153nologie, \u00e9tudiants de l&#8217;h\u00f4tellerie, de la restauration et de l&#8217;industrie du luxe.<\/p>\n<p class=\"p1\">Plus g\u00e9n\u00e9ralement, toute personne souhaitant approfondir ses connaissances dans le domaine de la recommandation des vins de Champagne.<\/p>\n<p class=\"p1\"><b><i>quels sont les avantages de cette formation ?<\/i><\/b><\/p>\n<p class=\"p1\">Les candidats retenus seront capables de<\/p>\n<ul>\n<li class=\"p1\">comprendre et interpr\u00e9ter les \u00e9tiquettes des vins de Champagne<\/li>\n<li class=\"p1\">d\u00e9crire et \u00e9valuer les vins de Champagne<\/li>\n<li class=\"p1\">savoir comment conserver et servir les vins de Champagne dans des conditions optimales<\/li>\n<li class=\"p1\">recommander un vin de Champagne en d\u00e9terminant les attentes et les besoins d&#8217;un client, puis lui faire une s\u00e9rie de propositions en fonction de ses besoins<\/li>\n<li class=\"p1\">savoir assicier les mets et les vins de Champagne<\/li>\n<\/ul>\n<p class=\"p1\"><em><strong>Pour obtenir cette qualification, les candidats devront<\/strong><\/em> &#8211; r\u00e9ussir :<\/p>\n<p class=\"p1\">une \u00e9valuation th\u00e9orique<span class=\"Apple-converted-space\">\u00a0<\/span><\/p>\n<ul>\n<li class=\"p1\">trente questions \u00e0 choix multiples<\/li>\n<li class=\"p1\">un cas pratique sous forme de deux questions \u00e0 r\u00e9ponse \u00e9crite courte<\/li>\n<\/ul>\n<p class=\"p1\">une \u00e9valuation pratique<\/p>\n<ul>\n<li class=\"p1\">une d\u00e9gustation \u00e0 l&#8217;aveugle de deux Champagnes<\/li>\n<\/ul>\n<p class=\"p1\">N.B. L&#8217;examen sera not\u00e9 et le certificat sera d\u00e9livr\u00e9 par le Comit\u00e9 Champagne en France<\/p>\n<p class=\"p1\"><strong>Connaissances pr\u00e9alables requises pour ce cours :<\/strong>&#8211; tous les participants au cours doivent avoir suivi et r\u00e9ussi la certification gratuite de niveau 1 \u00e0 3 de <a href=\"https:\/\/www.champagne.education\/fr\/e-learning-champagne-mooc\" target=\"_blank\" rel=\"noopener\">Champagne Education E-Learning<\/a> avant le cours.<\/p>\n<p class=\"p1\">Il est fortement recommand\u00e9 d&#8217;avoir au moins suivi et r\u00e9ussi le Niveau 2 &#8211; dipl\u00f4me WSET\u00ae en vins <em>(ou une qualification \u00e9quivalente)<\/em>.<\/p>\n<p class=\"p1\"><i>N.B. si vous n&#8217;\u00eates pas s\u00fbr, contactez-nous afin que nous puissions vous aider \u00e0 choisir le niveau de cours en fonction de vos besoins et de vos objectifs.<\/i><\/p>\n<p class=\"p1\"><b>Heures d&#8217;apprentissage guid\u00e9 :<\/b> &#8211; Il est recommand\u00e9 qu&#8217;un candidat consacre au moins 21 heures d&#8217;\u00e9tude pour compl\u00e9ter le programme. Ces heures seront g\u00e9n\u00e9ralement une combinaison de temps d&#8217;enseignement et d&#8217;\u00e9tude. Il est \u00e9galement recommand\u00e9 que le temps d&#8217;enseignement ne soit pas inf\u00e9rieur \u00e0 12 heures.<\/p>\n<p class=\"p1\"><strong><i>Veuillez noter que : &#8211; <\/i>vous devez avoir suivi et r\u00e9ussi la certification gratuite de niveau 1 \u00e0 3 de <a href=\"https:\/\/www.champagne.education\/fr\/e-learning-champagne-mooc\" target=\"_blank\" rel=\"noopener\">Champagne Education E-Learning<\/a> avant le cours.<\/strong><\/p>\n<p class=\"p1\">\n","protected":false},"featured_media":34927,"template":"","meta":[],"product_brand":[],"product_cat":[173],"product_tag":[205],"class_list":{"0":"post-37714","1":"product","2":"type-product","3":"status-publish","4":"has-post-thumbnail","6":"product_cat-champagne-specialist","7":"product_tag-cours-sommelier","9":"first","10":"instock","11":"shipping-taxable","12":"product-type-simple"},"translation":{"provider":"WPGlobus","version":"3.0.2","language":"it","enabled_languages":["en","de","fr","it"],"languages":{"en":{"title":true,"content":true,"excerpt":true},"de":{"title":false,"content":false,"excerpt":false},"fr":{"title":false,"content":false,"excerpt":false},"it":{"title":false,"content":false,"excerpt":false}}},"_links":{"self":[{"href":"https:\/\/beverageinstitute.ch\/it\/wp-json\/wp\/v2\/product\/37714","targetHints":{"allow":["GET"]}}],"collection":[{"href":"https:\/\/beverageinstitute.ch\/it\/wp-json\/wp\/v2\/product"}],"about":[{"href":"https:\/\/beverageinstitute.ch\/it\/wp-json\/wp\/v2\/types\/product"}],"wp:featuredmedia":[{"embeddable":true,"href":"https:\/\/beverageinstitute.ch\/it\/wp-json\/wp\/v2\/media\/34927"}],"wp:attachment":[{"href":"https:\/\/beverageinstitute.ch\/it\/wp-json\/wp\/v2\/media?parent=37714"}],"wp:term":[{"taxonomy":"product_brand","embeddable":true,"href":"https:\/\/beverageinstitute.ch\/it\/wp-json\/wp\/v2\/product_brand?post=37714"},{"taxonomy":"product_cat","embeddable":true,"href":"https:\/\/beverageinstitute.ch\/it\/wp-json\/wp\/v2\/product_cat?post=37714"},{"taxonomy":"product_tag","embeddable":true,"href":"https:\/\/beverageinstitute.ch\/it\/wp-json\/wp\/v2\/product_tag?post=37714"}],"curies":[{"name":"wp","href":"https:\/\/api.w.org\/{rel}","templated":true}]}}