{"id":37819,"date":"2025-09-16T12:52:05","date_gmt":"2025-09-16T10:52:05","guid":{"rendered":"https:\/\/beverageinstitute.ch\/?post_type=product&#038;p=37819"},"modified":"2026-03-10T10:54:15","modified_gmt":"2026-03-10T09:54:15","slug":"niveau-1-einfuhrung-in-wein-fernstudium","status":"publish","type":"product","link":"https:\/\/beverageinstitute.ch\/it\/product\/niveau-1-einfuhrung-in-wein-fernstudium\/","title":{"rendered":"Niveau 1 &#8211; Einf\u00fchrung in Wein und Schweizer Wein &#8211; Fernstudium"},"content":{"rendered":"<ul>\n<li>Niveau 1 Einf\u00fchrung in den Wein und Schweizer Weine \u2013 lernen Sie in Ihrem eigenen Tempo und nach Ihrem eigenen Zeitplan, die Pr\u00fcfung findet ebenfalls online statt.<\/li>\n<\/ul>\n<p>&nbsp;<\/p>\n<ul>\n<li style=\"font-size: 1rem;\">Bitte erstellen Sie Ihren Profil und dann einloggen, um Ihre Teilnahme beim Kurs zu reservieren.<\/li>\n<\/ul>\n<p><em>N.B. Wir akzeptieren Zahlungen per Maestro oder Kreditkarte durch das System von SumUp aber eine Bank\u00fcberweisung w\u00e4re auch m\u00f6glich. Bitte f\u00fcllen Sie die Anmeldungsinformationen aus, damit wir den Registrierungsprozess f\u00fcr Sie so schnell wie m\u00f6glich abschliessen k\u00f6nnen.<\/em><\/p>\n<p class=\"p1\">Die Weinproben sind nicht im Kurspreis inbegriffen. Sie d\u00fcrfen die Weinproben bei Vinovae bestellen, oder sonst im Handel einkaufen.<\/p>\n","protected":false},"excerpt":{"rendered":"<h6><strong><em>Wer kann teilnehmen?<br \/>\n<\/em><\/strong><\/h6>\n<p>Der Kurs richtet sich an alle, die sich f\u00fcr Wein interessieren, aber wenig oder keine Weinkenntnisse haben. Da wir uns in einem Weinanbauland befinden, werden wir Sie auch in die wichtigsten in der Schweiz produzierten Rebsorten einf\u00fchren.<\/p>\n<h6><strong><em>Was wird geboten?<br \/>\n<\/em><\/strong><\/h6>\n<p>Ziel des Kurses ist es, ein einf\u00fchrendes Wissen dar\u00fcber zu vermitteln, wie Wein hergestellt wird und die wichtigsten Weinstile und Rebsorten der Welt kennen zu lernen. Wir werden auch in der Lage sein, einige Prinzipien f\u00fcr die Abstimmung von Speisen und Wein zu testen.<\/p>\n<p>Dieser Kurs findet jeder Zeit, lernen Sie in Ihrem eigenen Tempo und nach Ihrem eigenen Zeitplan, die Pr\u00fcfung findet ebenfalls online statt.<\/p>\n<p>Der Zugang zu den Online-Kursmaterialien und zur Pr\u00fcfung ist auf 30 Tage begrenzt.<\/p>\n<p>Der Kurspreis beinhaltet nicht die Weinproben, die bei Vinovae oder auf dem lokalen Markt erworben werden k\u00f6nnen<\/p>\n","protected":false},"featured_media":30619,"template":"","meta":[],"product_brand":[],"product_cat":[204,21],"product_tag":[196],"class_list":{"0":"post-37819","1":"product","2":"type-product","3":"status-publish","4":"has-post-thumbnail","6":"product_cat-formation-a-distance-fernstudium-formazione-a-distanza","7":"product_cat-l1-intro-wine","8":"product_tag-weinkurs","10":"first","11":"instock","12":"shipping-taxable","13":"purchasable","14":"product-type-simple"},"translation":{"provider":"WPGlobus","version":"3.0.2","language":"it","enabled_languages":["en","de","fr","it"],"languages":{"en":{"title":true,"content":true,"excerpt":true},"de":{"title":false,"content":false,"excerpt":false},"fr":{"title":false,"content":false,"excerpt":false},"it":{"title":false,"content":false,"excerpt":false}}},"_links":{"self":[{"href":"https:\/\/beverageinstitute.ch\/it\/wp-json\/wp\/v2\/product\/37819","targetHints":{"allow":["GET"]}}],"collection":[{"href":"https:\/\/beverageinstitute.ch\/it\/wp-json\/wp\/v2\/product"}],"about":[{"href":"https:\/\/beverageinstitute.ch\/it\/wp-json\/wp\/v2\/types\/product"}],"wp:featuredmedia":[{"embeddable":true,"href":"https:\/\/beverageinstitute.ch\/it\/wp-json\/wp\/v2\/media\/30619"}],"wp:attachment":[{"href":"https:\/\/beverageinstitute.ch\/it\/wp-json\/wp\/v2\/media?parent=37819"}],"wp:term":[{"taxonomy":"product_brand","embeddable":true,"href":"https:\/\/beverageinstitute.ch\/it\/wp-json\/wp\/v2\/product_brand?post=37819"},{"taxonomy":"product_cat","embeddable":true,"href":"https:\/\/beverageinstitute.ch\/it\/wp-json\/wp\/v2\/product_cat?post=37819"},{"taxonomy":"product_tag","embeddable":true,"href":"https:\/\/beverageinstitute.ch\/it\/wp-json\/wp\/v2\/product_tag?post=37819"}],"curies":[{"name":"wp","href":"https:\/\/api.w.org\/{rel}","templated":true}]}}