{"id":37877,"date":"2025-10-15T11:08:00","date_gmt":"2025-10-15T09:08:00","guid":{"rendered":"https:\/\/beverageinstitute.ch\/?post_type=product&#038;p=37877"},"modified":"2025-10-15T11:10:00","modified_gmt":"2025-10-15T09:10:00","slug":"service-avance-advanced-weinservice-fribourg-11-05-2026-cloture-des-inscriptions-anmeldeschluss-27-04-2026","status":"publish","type":"product","link":"https:\/\/beverageinstitute.ch\/it\/product\/service-avance-advanced-weinservice-fribourg-11-05-2026-cloture-des-inscriptions-anmeldeschluss-27-04-2026\/","title":{"rendered":"Service avanc\u00e9\/Advanced Weinservice -Fribourg-11.05.2026 &#8211; cl\u00f4ture des inscriptions \/ Anmeldeschluss 27.04.2026"},"content":{"rendered":"<table style=\"border-collapse: collapse; width: 100%; height: 451px;\">\n<tbody>\n<tr style=\"height: 151px;\">\n<td style=\"text-align: center; height: 151px; width: 50%;\" colspan=\"2\"><strong>Service avanc\u00e9 du vin<\/strong><\/p>\n<p><em>Enseignement bilingue, mat\u00e9riel d&#8217;\u00e9tude et examen en langue fran\u00e7aise ou allemande<\/em><\/td>\n<td style=\"text-align: center; height: 151px; width: 50%;\" colspan=\"2\"><strong>Advanced Weinservice<\/strong><\/p>\n<p><em>Zweisprachige Unterricht, Kursmaterial und Pr\u00fcfung in der deutsche oder franz\u00f6sische Sprache<\/em><\/td>\n<\/tr>\n<tr style=\"height: 75px;\">\n<td style=\"width: 50%; text-align: center; height: 75px;\" colspan=\"2\"><em><strong>Lundi, le 11 mai 2026<\/strong><\/em><\/td>\n<td style=\"width: 50%; text-align: center; height: 75px;\" colspan=\"2\"><strong><em>Montag, den 11. Mai 2026<\/em><\/strong><\/td>\n<\/tr>\n<tr style=\"height: 25px;\">\n<td style=\"width: 25%; height: 25px; text-align: center;\"><em>\u00e0 partir de: 08:15<\/em><\/td>\n<td style=\"width: 25%; height: 25px; text-align: center;\"><em>Bienvenue<\/em><\/td>\n<td style=\"width: 25%; height: 25px; text-align: center;\"><em>ab 08:15<\/em><\/td>\n<td style=\"width: 25%; height: 25px; text-align: center;\"><em>Willkommen<\/em><\/td>\n<\/tr>\n<tr style=\"height: 25px;\">\n<td style=\"width: 25%; height: 25px; text-align: center;\">08:30<\/td>\n<td style=\"width: 25%; height: 25px; text-align: center;\">Introduction au cours et aux objectifs<\/td>\n<td style=\"width: 25%; height: 25px; text-align: center;\">08:30<\/td>\n<td style=\"width: 25%; height: 25px; text-align: center;\">Kurseinf\u00fchrung und die Lernziele<\/td>\n<\/tr>\n<tr style=\"height: 25px;\">\n<td style=\"width: 25%; height: 25px; text-align: center;\">08:45<\/td>\n<td style=\"width: 25%; height: 25px; text-align: center;\">R\u00e9vision des bases<\/td>\n<td style=\"width: 25%; height: 25px; text-align: center;\">08:45<\/td>\n<td style=\"width: 25%; height: 25px; text-align: center;\">Revision der Grundlagen<\/td>\n<\/tr>\n<tr style=\"height: 25px;\">\n<td style=\"width: 25%; height: 25px; text-align: center;\">09:30<\/td>\n<td style=\"width: 25%; height: 25px; text-align: center;\">D\u00e9canter ou carafer les vins<\/td>\n<td style=\"width: 25%; height: 25px; text-align: center;\">09:30<\/td>\n<td style=\"width: 25%; height: 25px; text-align: center;\">Dekantieren oder Karafieren von Weinen<\/td>\n<\/tr>\n<tr style=\"height: 25px;\">\n<td style=\"width: 25%; height: 25px; text-align: center;\">10:15<\/td>\n<td style=\"width: 25%; height: 25px; text-align: center;\">Maintenir la temp\u00e9rature et le service des vins mousseux<\/td>\n<td style=\"width: 25%; height: 25px; text-align: center;\">10:15<\/td>\n<td style=\"width: 25%; height: 25px; text-align: center;\">Aufrechterhaltung der Temperatur und Service von Schaumweinen<\/td>\n<\/tr>\n<tr style=\"height: 25px;\">\n<td style=\"width: 25%; height: 25px; text-align: center;\"><em>12:00<\/em><\/td>\n<td style=\"width: 25%; height: 25px; text-align: center;\"><em>Pause d\u00e9jeuner<\/em><\/td>\n<td style=\"width: 25%; height: 25px; text-align: center;\"><em>12:00<\/em><\/td>\n<td style=\"width: 25%; height: 25px; text-align: center;\"><em>Mittagspause<\/em><\/td>\n<\/tr>\n<tr style=\"height: 25px;\">\n<td style=\"width: 25%; height: 25px; text-align: center;\">13:00<\/td>\n<td style=\"width: 25%; height: 25px; text-align: center;\">Service \u00e0 la client\u00e8le<\/td>\n<td style=\"width: 25%; height: 25px; text-align: center;\">13:00<\/td>\n<td style=\"width: 25%; height: 25px; text-align: center;\">Kundendienst<\/td>\n<\/tr>\n<tr style=\"height: 25px;\">\n<td style=\"width: 25%; height: 25px; text-align: center;\">14:00<\/td>\n<td style=\"width: 25%; height: 25px; text-align: center;\">Association des vins et des mets<\/td>\n<td style=\"width: 25%; height: 25px; text-align: center;\">14:00<\/td>\n<td style=\"width: 25%; height: 25px; text-align: center;\">Paarung von Wein und Speisen<\/td>\n<\/tr>\n<tr style=\"height: 25px;\">\n<td style=\"width: 25%; height: 25px; text-align: center;\">15:00<\/td>\n<td style=\"width: 25%; height: 25px; text-align: center;\">D\u00e9velopper et partager les aptitudes de service<\/td>\n<td style=\"width: 25%; height: 25px; text-align: center;\">15:30<\/td>\n<td style=\"width: 25%; height: 25px; text-align: center;\">Entwicklung und Austausch von Dienstleistungsf\u00e4higkeiten<\/td>\n<\/tr>\n<tr>\n<td style=\"width: 25%; text-align: center;\"><em>16:30<\/em><\/td>\n<td style=\"width: 25%; text-align: center;\"><em>Questions et fin de la premi\u00e8re journ\u00e9e<\/em><\/td>\n<td style=\"width: 25%; text-align: center;\"><em>16:30<\/em><\/td>\n<td style=\"width: 25%; text-align: center;\"><em>Fragen und Ende des ersten Kurstages<\/em><\/td>\n<\/tr>\n<tr>\n<td style=\"width: 50%; text-align: center;\" colspan=\"2\"><em><strong>Lundi, le 18 mai 2026<\/strong><\/em><\/td>\n<td style=\"width: 50%; text-align: center;\" colspan=\"2\"><em><strong>Montag, den 18. Mai 2026<\/strong><\/em><\/td>\n<\/tr>\n<tr>\n<td style=\"width: 25%; text-align: center;\"><em>\u00e0 partir de: 08:15<\/em><\/td>\n<td style=\"width: 25%; text-align: center;\"><em>Bienvenue<\/em><\/td>\n<td style=\"width: 25%; text-align: center;\"><em>ab 08:15<\/em><\/td>\n<td style=\"width: 25%; text-align: center;\"><em>Willkommen<\/em><\/td>\n<\/tr>\n<tr>\n<td style=\"width: 25%; text-align: center;\">08:30<\/td>\n<td style=\"width: 25%; text-align: center;\">S\u00e9l\u00e9ction et organisation d&#8217;une carte des vins<\/td>\n<td style=\"width: 25%; text-align: center;\">08:30<\/td>\n<td style=\"width: 25%; text-align: center;\">Auswahl und Organisation einer Weinkarte<\/td>\n<\/tr>\n<tr>\n<td style=\"width: 25%; text-align: center;\">09:00<\/td>\n<td style=\"width: 25%; text-align: center;\">Strat\u00e9gie de tarification pour la vente des vins<\/td>\n<td style=\"width: 25%; text-align: center;\">09:00<\/td>\n<td style=\"width: 25%; text-align: center;\">Preisstrategie f\u00fcr den Weinverkauf<\/td>\n<\/tr>\n<tr>\n<td style=\"width: 25%; text-align: center;\">11:00<\/td>\n<td style=\"width: 25%; text-align: center;\">Contr\u00f4le des co\u00fbts<\/td>\n<td style=\"width: 25%; text-align: center;\">11:00<\/td>\n<td style=\"width: 25%; text-align: center;\">Kostenkontrolle<\/td>\n<\/tr>\n<tr>\n<td style=\"width: 25%; text-align: center;\"><em>12:00<\/em><\/td>\n<td style=\"width: 25%; text-align: center;\"><em>Pause d\u00e9jeuner<\/em><\/td>\n<td style=\"width: 25%; text-align: center;\"><em>12:00<\/em><\/td>\n<td style=\"width: 25%; text-align: center;\"><em>Mittagspause<\/em><\/td>\n<\/tr>\n<tr>\n<td style=\"width: 25%; text-align: center;\">14:00<\/td>\n<td style=\"width: 25%; text-align: center;\">Examen &#8211; Certificat avanc\u00e9 de service du vin<\/td>\n<td style=\"width: 25%; text-align: center;\">14:00<\/td>\n<td style=\"width: 25%; text-align: center;\">Pr\u00fcfung &#8211; Zertifikat Advanced Weinservice<\/td>\n<\/tr>\n<tr>\n<td style=\"width: 25%; text-align: center;\"><em>16:30<\/em><\/td>\n<td style=\"width: 25%; text-align: center;\"><em>Fin du cours et de l&#8217;examen<\/em><\/td>\n<td style=\"width: 25%; text-align: center;\"><em>16:30<\/em><\/td>\n<td style=\"width: 25%; text-align: center;\"><em>Kursende und der Pr\u00fcfung<\/em><\/td>\n<\/tr>\n<\/tbody>\n<\/table>\n<ul>\n<li>Veuillez noter que ce cours est organis\u00e9 en partenariat avec GastroFribourg. Veuillez contacter le secretariat de GastroFribourg pour r\u00e9server votre place &#8211; <a href=\"https:\/\/www.gastrofribourg.ch\/fr\/formation\/cours-de-perfectionnement\/cours-de-service-et-sommellerie-avance\" target=\"_blank\" rel=\"noopener\">www.gastrofribourg.ch<\/a><\/li>\n<li>Bitte merken Sie dass der Kurs wird in Zusammenarbeit mit GastroFribourg angeboten.\u00a0 Bitte kontaktieren Sie GastroFribourg um Ihren Platz auf den Kurs zu reservieren &#8211; <a href=\"https:\/\/www.gastrofribourg.ch\/de\/bildung\/weiterbildungskurse\/weinservice-fuer-fortgeschrittene\" target=\"_blank\" rel=\"noopener\">www.gastrofribourg.ch<\/a><\/li>\n<\/ul>\n","protected":false},"excerpt":{"rendered":"<p>Service avanc\u00e9 du vin Enseignement bilingue, mat\u00e9riel d&#8217;\u00e9tude et examen en langue fran\u00e7aise ou allemande Advanced Weinservice Zweisprachige Unterricht, Kursmaterial und Pr\u00fcfung in der deutsche oder franz\u00f6sische Sprache Lundi, le 11 mai 2026 Montag, den 11. Mai 2026 \u00e0 partir de: 08:15 Bienvenue ab 08:15 Willkommen 08:30 Introduction au cours et aux objectifs 08:30 Kurseinf\u00fchrung &hellip; <\/p>\n<p class=\"link-more\"><a href=\"https:\/\/beverageinstitute.ch\/it\/product\/service-avance-advanced-weinservice-fribourg-11-05-2026-cloture-des-inscriptions-anmeldeschluss-27-04-2026\/\" class=\"more-link\">Leggi tutto<span class=\"screen-reader-text\"> &#8220;Service avanc\u00e9\/Advanced Weinservice -Fribourg-11.05.2026 &#8211; cl\u00f4ture des inscriptions \/ Anmeldeschluss 27.04.2026&#8221;<\/span><\/a><\/p>\n","protected":false},"featured_media":28978,"template":"","meta":[],"product_brand":[],"product_cat":[33],"product_tag":[],"class_list":{"0":"post-37877","1":"product","2":"type-product","3":"status-publish","4":"has-post-thumbnail","6":"product_cat-ops-management","8":"first","9":"instock","10":"shipping-taxable","11":"product-type-simple"},"translation":{"provider":"WPGlobus","version":"3.0.2","language":"it","enabled_languages":["en","de","fr","it"],"languages":{"en":{"title":true,"content":true,"excerpt":false},"de":{"title":false,"content":false,"excerpt":false},"fr":{"title":false,"content":false,"excerpt":false},"it":{"title":false,"content":false,"excerpt":false}}},"_links":{"self":[{"href":"https:\/\/beverageinstitute.ch\/it\/wp-json\/wp\/v2\/product\/37877","targetHints":{"allow":["GET"]}}],"collection":[{"href":"https:\/\/beverageinstitute.ch\/it\/wp-json\/wp\/v2\/product"}],"about":[{"href":"https:\/\/beverageinstitute.ch\/it\/wp-json\/wp\/v2\/types\/product"}],"wp:featuredmedia":[{"embeddable":true,"href":"https:\/\/beverageinstitute.ch\/it\/wp-json\/wp\/v2\/media\/28978"}],"wp:attachment":[{"href":"https:\/\/beverageinstitute.ch\/it\/wp-json\/wp\/v2\/media?parent=37877"}],"wp:term":[{"taxonomy":"product_brand","embeddable":true,"href":"https:\/\/beverageinstitute.ch\/it\/wp-json\/wp\/v2\/product_brand?post=37877"},{"taxonomy":"product_cat","embeddable":true,"href":"https:\/\/beverageinstitute.ch\/it\/wp-json\/wp\/v2\/product_cat?post=37877"},{"taxonomy":"product_tag","embeddable":true,"href":"https:\/\/beverageinstitute.ch\/it\/wp-json\/wp\/v2\/product_tag?post=37877"}],"curies":[{"name":"wp","href":"https:\/\/api.w.org\/{rel}","templated":true}]}}