{"id":37879,"date":"2025-10-15T11:14:53","date_gmt":"2025-10-15T09:14:53","guid":{"rendered":"https:\/\/beverageinstitute.ch\/?post_type=product&#038;p=37879"},"modified":"2025-11-27T10:42:23","modified_gmt":"2025-11-27T09:42:23","slug":"les-vins-des-france-die-weine-frankreichs-francais-deutsch-28-09-2026-fribourg-cloture-des-inscriptions-anmeldeschluss-14-09-2026","status":"publish","type":"product","link":"https:\/\/beverageinstitute.ch\/it\/product\/les-vins-des-france-die-weine-frankreichs-francais-deutsch-28-09-2026-fribourg-cloture-des-inscriptions-anmeldeschluss-14-09-2026\/","title":{"rendered":"Les vins des France \/ Die Weine Frankreichs &#8211; fran\u00e7ais &#038; deutsch &#8211; 28.09.2026 &#8211; Fribourg &#8211; cl\u00f4ture des inscriptions \/ Anmeldeschluss 14.09.2026"},"content":{"rendered":"<table style=\"border-collapse: collapse; width: 100%;\">\n<tbody>\n<tr>\n<td style=\"width: 25%; text-align: center;\" colspan=\"2\"><strong>Lundi, le 28 septembre 2026<\/strong><\/p>\n<p><em><strong>Atelier &#8211; Les vins de France<\/strong><\/em><\/p>\n<p><em>Enseignement bilingue, langue fran\u00e7aise et allemande, mat\u00e9riel d&#8217;\u00e9tude en langue fran\u00e7aise ou allemande<\/em><\/td>\n<td style=\"width: 25%; text-align: center;\" colspan=\"2\"><strong>Montag, den 28. September 2026<\/strong><\/p>\n<p><strong><em>Workshop &#8211; Die Weine Frankreichs<\/em><\/strong><\/p>\n<p><em>Zweisprachige Unterricht, deutsche und franz\u00f6sische Sprache, Kursmaterial in der deutschen oder franz\u00f6sischen Sprache<\/em><\/td>\n<\/tr>\n<tr>\n<td style=\"width: 25%; text-align: center;\"><em>\u00e0 partir de : 08:15<\/em><\/td>\n<td style=\"width: 25%; text-align: center;\"><em>Bienvenue<\/em><\/td>\n<td style=\"width: 25%; text-align: center;\"><em>ab 08:15<\/em><\/td>\n<td style=\"width: 25%; text-align: center;\"><em>Willkommen<\/em><\/td>\n<\/tr>\n<tr>\n<td style=\"width: 25%; text-align: center;\">08:30<\/td>\n<td style=\"width: 25%; text-align: center;\">D\u00e9roulement de l&#8217;atelier et les objectifs<\/td>\n<td style=\"width: 25%; text-align: center;\">08:30<\/td>\n<td style=\"width: 25%; text-align: center;\">Ablauf vom Tag und die Lernziele<\/td>\n<\/tr>\n<tr>\n<td style=\"width: 25%; text-align: center;\">08:45<\/td>\n<td style=\"width: 25%; text-align: center;\">La vall\u00e9e de la Loire et ses vins<\/td>\n<td style=\"width: 25%; text-align: center;\">08:45<\/td>\n<td style=\"width: 25%; text-align: center;\">Das Loire-Tal und seine Weine<\/td>\n<\/tr>\n<tr>\n<td style=\"width: 25%; text-align: center;\"><em>11:30<\/em><\/td>\n<td style=\"width: 25%; text-align: center;\"><em>Pause d\u00e9jeuner<\/em><\/td>\n<td style=\"width: 25%; text-align: center;\"><em>11:30<\/em><\/td>\n<td style=\"width: 25%; text-align: center;\"><em>Mittagspause<\/em><\/td>\n<\/tr>\n<tr>\n<td style=\"width: 25%; text-align: center;\">12:30<\/td>\n<td style=\"width: 25%; text-align: center;\">La vall\u00e9e du Rh\u00f4ne et ses vins<\/td>\n<td style=\"width: 25%; text-align: center;\">12:30<\/td>\n<td style=\"width: 25%; text-align: center;\">Das Rh\u00f4ne-Tal und seine Weine<\/td>\n<\/tr>\n<tr>\n<td style=\"width: 25%; text-align: center;\"><em>16:30<\/em><\/td>\n<td style=\"width: 25%; text-align: center;\"><em>Questions, fin de l&#8217;atelier<\/em><\/td>\n<td style=\"width: 25%; text-align: center;\"><em>16:30<\/em><\/td>\n<td style=\"width: 25%; text-align: center;\"><em>Fragen und Ende vom Workshop<\/em><\/td>\n<\/tr>\n<\/tbody>\n<\/table>\n<ul>\n<li>Veuillez contacter Gastrofribourg directement afin de r\u00e9server votre place:<\/li>\n<\/ul>\n<p><a href=\"https:\/\/www.gastrofribourg.ch\/fr\/formation\/cours-de-perfectionnement\/les-vins-de-france\" target=\"_blank\" rel=\"noopener\">www.gastrofribourg.ch<\/a><\/p>\n<ul>\n<li>Bitte kontaktieren Sie GastroFribourg um Ihren Kursplatz zu reservieren:<\/li>\n<\/ul>\n<p><a href=\"https:\/\/www.gastrofribourg.ch\/de\/bildung\/weiterbildungskurse\/die-weine-frankreichs\" target=\"_blank\" rel=\"noopener\">www.gastrofribourg.ch<\/a><\/p>\n","protected":false},"excerpt":{"rendered":"<p>Lundi, le 28 septembre 2026 Atelier &#8211; Les vins de France Enseignement bilingue, langue fran\u00e7aise et allemande, mat\u00e9riel d&#8217;\u00e9tude en langue fran\u00e7aise ou allemande Montag, den 28. September 2026 Workshop &#8211; Die Weine Frankreichs Zweisprachige Unterricht, deutsche und franz\u00f6sische Sprache, Kursmaterial in der deutschen oder franz\u00f6sischen Sprache \u00e0 partir de : 08:15 Bienvenue ab 08:15 &hellip; <\/p>\n<p class=\"link-more\"><a href=\"https:\/\/beverageinstitute.ch\/it\/product\/les-vins-des-france-die-weine-frankreichs-francais-deutsch-28-09-2026-fribourg-cloture-des-inscriptions-anmeldeschluss-14-09-2026\/\" class=\"more-link\">Leggi tutto<span class=\"screen-reader-text\"> &#8220;Les vins des France \/ Die Weine Frankreichs &#8211; fran\u00e7ais &#038; deutsch &#8211; 28.09.2026 &#8211; Fribourg &#8211; cl\u00f4ture des inscriptions \/ Anmeldeschluss 14.09.2026&#8221;<\/span><\/a><\/p>\n","protected":false},"featured_media":30199,"template":"","meta":[],"product_brand":[],"product_cat":[69],"product_tag":[],"class_list":{"0":"post-37879","1":"product","2":"type-product","3":"status-publish","4":"has-post-thumbnail","6":"product_cat-workshops","8":"first","9":"instock","10":"shipping-taxable","11":"product-type-simple"},"translation":{"provider":"WPGlobus","version":"3.0.2","language":"it","enabled_languages":["en","de","fr","it"],"languages":{"en":{"title":true,"content":true,"excerpt":false},"de":{"title":false,"content":false,"excerpt":false},"fr":{"title":false,"content":false,"excerpt":false},"it":{"title":false,"content":false,"excerpt":false}}},"_links":{"self":[{"href":"https:\/\/beverageinstitute.ch\/it\/wp-json\/wp\/v2\/product\/37879","targetHints":{"allow":["GET"]}}],"collection":[{"href":"https:\/\/beverageinstitute.ch\/it\/wp-json\/wp\/v2\/product"}],"about":[{"href":"https:\/\/beverageinstitute.ch\/it\/wp-json\/wp\/v2\/types\/product"}],"wp:featuredmedia":[{"embeddable":true,"href":"https:\/\/beverageinstitute.ch\/it\/wp-json\/wp\/v2\/media\/30199"}],"wp:attachment":[{"href":"https:\/\/beverageinstitute.ch\/it\/wp-json\/wp\/v2\/media?parent=37879"}],"wp:term":[{"taxonomy":"product_brand","embeddable":true,"href":"https:\/\/beverageinstitute.ch\/it\/wp-json\/wp\/v2\/product_brand?post=37879"},{"taxonomy":"product_cat","embeddable":true,"href":"https:\/\/beverageinstitute.ch\/it\/wp-json\/wp\/v2\/product_cat?post=37879"},{"taxonomy":"product_tag","embeddable":true,"href":"https:\/\/beverageinstitute.ch\/it\/wp-json\/wp\/v2\/product_tag?post=37879"}],"curies":[{"name":"wp","href":"https:\/\/api.w.org\/{rel}","templated":true}]}}