{"id":37883,"date":"2025-10-15T11:26:07","date_gmt":"2025-10-15T09:26:07","guid":{"rendered":"https:\/\/beverageinstitute.ch\/?post_type=product&#038;p=37883"},"modified":"2025-10-15T11:27:35","modified_gmt":"2025-10-15T09:27:35","slug":"wie-man-aromen-und-geschmacksrichtungen-im-wein-erkennt-02-11-2026-fribourg-anmeldeschluss-am-19-10-2026","status":"publish","type":"product","link":"https:\/\/beverageinstitute.ch\/it\/product\/wie-man-aromen-und-geschmacksrichtungen-im-wein-erkennt-02-11-2026-fribourg-anmeldeschluss-am-19-10-2026\/","title":{"rendered":"wie man Aromen und Geschmacksrichtungen im Wein erkennt &#8211; 02.11.2026 Fribourg &#8211; Anmeldeschluss am 19.10.2026"},"content":{"rendered":"<p>Anhand einer Reihe von \u00dcbungen w\u00e4hrend des Tages werden wir Sie mit den wichtigsten Geschmacksrichtungen und Aromen der wichtigsten Rebsorten vertraut machen, die zur Herstellung von Weinen aus aller Welt verwendet werden.<\/p>\n<p>Am Ende des Seminars werden Sie in der Lage sein:<\/p>\n<ul>\n<li>die wichtigsten Geschmacks- und Aromastoffe einiger der wichtigsten Rebsorten, die weltweit zur Weinherstellung verwendet werden, zu erkennen<\/li>\n<li>die h\u00e4ufigsten Fehler im Wein zu erkennen<\/li>\n<li>den Unterschied zwischen einem prim\u00e4ren, sekund\u00e4ren und terti\u00e4ren Aroma (oder Geschmack) im Wein zu verstehen<\/li>\n<\/ul>\n<ul>\n<li>Veuillez noter que ce cours est organis\u00e9 en partenariat avec GastroFribourg. Veuillez contacter le s\u00e9cretariat de <a href=\"https:\/\/www.gastrofribourg.ch\/fr\/formation\/cours-de-perfectionnement\/analyse-sensorielle-du-vin\" target=\"_blank\" rel=\"noopener\">GastroFribourg pour r\u00e9server votre place<\/a><\/li>\n<li>Bitte merken Sie dass der Kurs wird in Zusammenarbeit mit GastroFribourg angeboten. Bitte kontaktieren Sie <a href=\"https:\/\/www.gastrofribourg.ch\/de\/bildung\/weiterbildungskurse\/sensorische-analyse-von-wein\" target=\"_blank\" rel=\"noopener\">GastroFribourg um Ihren Platz auf den Kurs zu reservieren<\/a><\/li>\n<\/ul>\n","protected":false},"excerpt":{"rendered":"<p>Wenn Sie die Serie &#8220;Drops of God&#8221; genie\u00dfen oder von der Reportage &#8220;Somm&#8221; fasziniert waren und wissen m\u00f6chten, wie man Aromen im Wein erkennen kann, besuchen Sie unser Seminar: &#8220;Sensorische Analyse &#8211; Wein&#8221; am 2. November 2026 in Fribourg<\/p>\n","protected":false},"featured_media":33804,"template":"","meta":[],"product_brand":[],"product_cat":[20,69],"product_tag":[],"class_list":{"0":"post-37883","1":"product","2":"type-product","3":"status-publish","4":"has-post-thumbnail","6":"product_cat-wine-courses","7":"product_cat-workshops","9":"first","10":"instock","11":"shipping-taxable","12":"product-type-simple"},"translation":{"provider":"WPGlobus","version":"3.0.2","language":"it","enabled_languages":["en","de","fr","it"],"languages":{"en":{"title":true,"content":true,"excerpt":true},"de":{"title":false,"content":false,"excerpt":false},"fr":{"title":false,"content":false,"excerpt":false},"it":{"title":false,"content":false,"excerpt":false}}},"_links":{"self":[{"href":"https:\/\/beverageinstitute.ch\/it\/wp-json\/wp\/v2\/product\/37883","targetHints":{"allow":["GET"]}}],"collection":[{"href":"https:\/\/beverageinstitute.ch\/it\/wp-json\/wp\/v2\/product"}],"about":[{"href":"https:\/\/beverageinstitute.ch\/it\/wp-json\/wp\/v2\/types\/product"}],"wp:featuredmedia":[{"embeddable":true,"href":"https:\/\/beverageinstitute.ch\/it\/wp-json\/wp\/v2\/media\/33804"}],"wp:attachment":[{"href":"https:\/\/beverageinstitute.ch\/it\/wp-json\/wp\/v2\/media?parent=37883"}],"wp:term":[{"taxonomy":"product_brand","embeddable":true,"href":"https:\/\/beverageinstitute.ch\/it\/wp-json\/wp\/v2\/product_brand?post=37883"},{"taxonomy":"product_cat","embeddable":true,"href":"https:\/\/beverageinstitute.ch\/it\/wp-json\/wp\/v2\/product_cat?post=37883"},{"taxonomy":"product_tag","embeddable":true,"href":"https:\/\/beverageinstitute.ch\/it\/wp-json\/wp\/v2\/product_tag?post=37883"}],"curies":[{"name":"wp","href":"https:\/\/api.w.org\/{rel}","templated":true}]}}