{"id":37885,"date":"2025-10-15T11:32:35","date_gmt":"2025-10-15T09:32:35","guid":{"rendered":"https:\/\/beverageinstitute.ch\/?post_type=product&#038;p=37885"},"modified":"2025-11-27T10:46:40","modified_gmt":"2025-11-27T09:46:40","slug":"wein-mit-speisen-nach-zubereitungsmethode-16-11-2026-fribourg-anmeldeschluss-am-02-11-2026","status":"publish","type":"product","link":"https:\/\/beverageinstitute.ch\/it\/product\/wein-mit-speisen-nach-zubereitungsmethode-16-11-2026-fribourg-anmeldeschluss-am-02-11-2026\/","title":{"rendered":"Wein mit Speisen nach Zubereitungsmethode &#8211; 16.11.2026 &#8211; Fribourg &#8211; Anmeldeschluss am 02.11.2026"},"content":{"rendered":"<table style=\"border-collapse: collapse; width: 100%; height: 260px;\">\n<tbody>\n<tr style=\"height: 26px;\">\n<td style=\"width: 50%; text-align: center; height: 26px;\" colspan=\"2\"><strong>Weine mit Speisen nach Zubereitungsmethode<\/strong><\/p>\n<p><em>Unterricht und Kursunterlagen in der deutsche Sprache<\/em><\/td>\n<\/tr>\n<tr style=\"height: 26px;\">\n<td style=\"width: 50%; text-align: center; height: 26px;\" colspan=\"2\"><strong>Montag, den 16. November 2026<\/strong><\/td>\n<\/tr>\n<tr style=\"height: 26px;\">\n<td style=\"width: 50%; text-align: center; height: 26px;\"><em>ab 08:15<\/em><\/td>\n<td style=\"width: 50%; text-align: center; height: 26px;\"><em>Willkommen<\/em><\/td>\n<\/tr>\n<tr style=\"height: 26px;\">\n<td style=\"width: 50%; text-align: center; height: 26px;\">08:30<\/td>\n<td style=\"width: 50%; text-align: center; height: 26px;\">Kursablauf und die Lernziele<\/td>\n<\/tr>\n<tr style=\"height: 26px;\">\n<td style=\"width: 50%; text-align: center; height: 26px;\">08:45<\/td>\n<td style=\"width: 50%; text-align: center; height: 26px;\">Praktische Einf\u00fchrung in die Grundprinzipien<\/td>\n<\/tr>\n<tr style=\"height: 26px;\">\n<td style=\"width: 50%; text-align: center; height: 26px;\">09:10<\/td>\n<td style=\"width: 50%; text-align: center; height: 26px;\">d\u00e4mpfen \/ pochieren<\/td>\n<\/tr>\n<tr style=\"height: 26px;\">\n<td style=\"width: 50%; text-align: center; height: 26px;\">10:15<\/td>\n<td style=\"width: 50%; text-align: center; height: 26px;\">sautieren \/ fritieren<\/td>\n<\/tr>\n<tr style=\"height: 26px;\">\n<td style=\"width: 50%; text-align: center; height: 26px;\">12:00<\/td>\n<td style=\"width: 50%; text-align: center; height: 26px;\"><em>Mittagspause<\/em><\/td>\n<\/tr>\n<tr style=\"height: 26px;\">\n<td style=\"width: 50%; text-align: center; height: 26px;\">13:00<\/td>\n<td style=\"width: 50%; text-align: center; height: 26px;\">braisieren<\/td>\n<\/tr>\n<tr style=\"height: 26px;\">\n<td style=\"width: 50%; text-align: center; height: 26px;\">14:00<\/td>\n<td style=\"width: 50%; text-align: center; height: 26px;\">r\u00f6sten<\/td>\n<\/tr>\n<tr>\n<td style=\"width: 50%; text-align: center;\">14:30<\/td>\n<td style=\"width: 50%; text-align: center;\">die Saucen<\/td>\n<\/tr>\n<tr>\n<td style=\"width: 50%; text-align: center;\">15:00<\/td>\n<td style=\"width: 50%; text-align: center;\">K\u00e4se<\/td>\n<\/tr>\n<tr>\n<td style=\"width: 50%; text-align: center;\">15:45<\/td>\n<td style=\"width: 50%; text-align: center;\">S\u00fcssspeisen \/ Dessert<\/td>\n<\/tr>\n<tr>\n<td style=\"width: 50%; text-align: center;\"><em>16:30<\/em><\/td>\n<td style=\"width: 50%; text-align: center;\"><em>Fragen und Ende des Workshops<\/em><\/td>\n<\/tr>\n<\/tbody>\n<\/table>\n<p><em>Der Kurs wird durch GastroFribourg organisiert. Bitte kontaktieren Sie das Sekretariat um Ihr Platz zu reservieren. <a href=\"https:\/\/www.gastrofribourg.ch\/de\/bildung\/weiterbildungskurse\/die-kombination-von-weinen-und-speisen-der-praxis\" target=\"_blank\" rel=\"noopener\">www.gastrofribourg.ch<\/a><\/em><\/p>\n","protected":false},"excerpt":{"rendered":"<p>Am besten, lernt man Weine und Speisen durch Erfahrung zu kombinieren. Es gibt Prinzipien, die befolgt werden m\u00fcssen, aber wie die meisten Regeln gibt es immer Ausnahmen und wir k\u00f6nnen die Ausnahmen n\u00fctzen um eine Mahlzeit zu einem &#8220;Erlebnis zu errinern&#8221; zu machen.<\/p>\n<p>Im Laufe des Tages werden wir Ihnen die Grunds\u00e4tze bei Wein und Speisen Harmonie vorstellen und diese Regeln praktisch mit verschiedenen Kochmethoden, Texturen und Aromen untersucher, um zu verstehen, was funktioniert und warum, wie auch einige &#8220;Probleme&#8221; k\u00f6nnen vermieden werden und zu potenziellen positiven Erfahrungen gemacht werden, die unsere G\u00e4ste sich merken und sch\u00e4tzen.<\/p>\n<p><strong>Ben\u00f6tigte Vorkenntnisse\u00a0<\/strong>&#8211; Niveau 2 &#8211; WSET\u00ae in Weine, vom Vorteil das Niveau 3 &#8211; WSET\u00ae in Weine oder ein \u00e4hnliches Erfahrungsniveau<\/p>\n<p><!-- wp:paragraph --><\/p>\n<p><!-- \/wp:paragraph --><\/p>\n","protected":false},"featured_media":37959,"template":"","meta":[],"product_brand":[],"product_cat":[20,69],"product_tag":[],"class_list":{"0":"post-37885","1":"product","2":"type-product","3":"status-publish","4":"has-post-thumbnail","6":"product_cat-wine-courses","7":"product_cat-workshops","9":"first","10":"instock","11":"shipping-taxable","12":"product-type-simple"},"translation":{"provider":"WPGlobus","version":"3.0.2","language":"it","enabled_languages":["en","de","fr","it"],"languages":{"en":{"title":true,"content":true,"excerpt":true},"de":{"title":false,"content":false,"excerpt":false},"fr":{"title":false,"content":false,"excerpt":false},"it":{"title":false,"content":false,"excerpt":false}}},"_links":{"self":[{"href":"https:\/\/beverageinstitute.ch\/it\/wp-json\/wp\/v2\/product\/37885","targetHints":{"allow":["GET"]}}],"collection":[{"href":"https:\/\/beverageinstitute.ch\/it\/wp-json\/wp\/v2\/product"}],"about":[{"href":"https:\/\/beverageinstitute.ch\/it\/wp-json\/wp\/v2\/types\/product"}],"wp:featuredmedia":[{"embeddable":true,"href":"https:\/\/beverageinstitute.ch\/it\/wp-json\/wp\/v2\/media\/37959"}],"wp:attachment":[{"href":"https:\/\/beverageinstitute.ch\/it\/wp-json\/wp\/v2\/media?parent=37885"}],"wp:term":[{"taxonomy":"product_brand","embeddable":true,"href":"https:\/\/beverageinstitute.ch\/it\/wp-json\/wp\/v2\/product_brand?post=37885"},{"taxonomy":"product_cat","embeddable":true,"href":"https:\/\/beverageinstitute.ch\/it\/wp-json\/wp\/v2\/product_cat?post=37885"},{"taxonomy":"product_tag","embeddable":true,"href":"https:\/\/beverageinstitute.ch\/it\/wp-json\/wp\/v2\/product_tag?post=37885"}],"curies":[{"name":"wp","href":"https:\/\/api.w.org\/{rel}","templated":true}]}}