{"id":38025,"date":"2026-01-21T14:28:50","date_gmt":"2026-01-21T13:28:50","guid":{"rendered":"https:\/\/beverageinstitute.ch\/?post_type=product&#038;p=38025"},"modified":"2026-03-10T11:15:50","modified_gmt":"2026-03-10T10:15:50","slug":"niveau-1-introduction-au-vin-25-04-2026-francais-berne-cloture-des-inscriptions-le-17-04-2026","status":"publish","type":"product","link":"https:\/\/beverageinstitute.ch\/it\/product\/niveau-1-introduction-au-vin-25-04-2026-francais-berne-cloture-des-inscriptions-le-17-04-2026\/","title":{"rendered":"Niveau 1 &#8211; Introduction au vin &#8211; 25.04.2026 &#8211; fran\u00e7ais &#8211; Berne &#8211; cl\u00f4ture des inscriptions le 17.04.2026"},"content":{"rendered":"<table style=\"border-collapse: collapse; width: 100%;\">\n<tbody>\n<tr>\n<td style=\"width: 100%; text-align: center;\" colspan=\"2\"><strong>Samedi, le 25 avril 2026<\/strong><\/p>\n<p><strong>Niveau 1 &#8211; Introduction au vin et les vins suisses<\/strong><\/p>\n<p>Enseignement, mat\u00e9riel d&#8217;\u00e9tude et examen en langue fran\u00e7aise<\/td>\n<\/tr>\n<tr>\n<td style=\"width: 28.9655%; text-align: center;\"><em>\u00e0 partir de : 08:15<\/em><\/td>\n<td style=\"width: 71.0345%; text-align: center;\"><em>Bienvenue<\/em><\/td>\n<\/tr>\n<tr>\n<td style=\"width: 28.9655%; text-align: center;\">08:30<\/td>\n<td style=\"width: 71.0345%; text-align: center;\">Introduction au cours et aux objectifs<\/td>\n<\/tr>\n<tr>\n<td style=\"width: 28.9655%; text-align: center;\">08:40<\/td>\n<td style=\"width: 71.0345%; text-align: center;\">Le vignoble Suisse<\/td>\n<\/tr>\n<tr>\n<td style=\"width: 28.9655%; text-align: center;\">10:00<\/td>\n<td style=\"width: 71.0345%; text-align: center;\">Les vins blancs<\/td>\n<\/tr>\n<tr>\n<td style=\"width: 28.9655%; text-align: center;\">11:30<\/td>\n<td style=\"width: 71.0345%; text-align: center;\"><em>Pause d\u00e9jeuner<\/em><\/td>\n<\/tr>\n<tr>\n<td style=\"width: 28.9655%; text-align: center;\">12:30<\/td>\n<td style=\"width: 71.0345%; text-align: center;\">Les vins rouges \/ ros\u00e9s<\/td>\n<\/tr>\n<tr>\n<td style=\"width: 28.9655%; text-align: center;\">13:30<\/td>\n<td style=\"width: 71.0345%; text-align: center;\">exercice pratique &#8211; association des vins et des mets<\/td>\n<\/tr>\n<tr>\n<td style=\"width: 28.9655%; text-align: center;\">15:00<\/td>\n<td style=\"width: 71.0345%; text-align: center;\">Questions et r\u00e9vision<\/td>\n<\/tr>\n<tr>\n<td style=\"width: 28.9655%; text-align: center;\"><em>15:15<\/em><\/td>\n<td style=\"width: 71.0345%; text-align: center;\"><em>Pause<\/em><\/td>\n<\/tr>\n<tr>\n<td style=\"width: 28.9655%; text-align: center;\">15:30<\/td>\n<td style=\"width: 71.0345%; text-align: center;\">Examen<\/td>\n<\/tr>\n<tr>\n<td style=\"width: 28.9655%; text-align: center;\"><em>16:30<\/em><\/td>\n<td style=\"width: 71.0345%; text-align: center;\"><em>Fin de l&#8217;examen et le cours<\/em><\/td>\n<\/tr>\n<\/tbody>\n<\/table>\n<ul>\n<li>\u00a0Veuillez cr\u00e9er votre profil et connectez-vous afin de pouvoir r\u00e9server votre place sur ce cours<\/li>\n<\/ul>\n<p><em>N.B. Nous acceptons les paiements par carte de d\u00e9bit ou de cartes de cr\u00e9dit \u00e0 travers le syst\u00e8me SumUp mais vous pouvez aussi payer par virement bancaire. <\/em><\/p>\n<p><em>V<\/em><em>euillez noter que nous aurons besoin que vous compl\u00e9tez les informations d&#8217;inscription (qui incluent votre date de naissance), afin de terminer le processus d&#8217;inscription le plus rapidement possible pour vous.<\/em><\/p>\n<p><strong>Aide financi\u00e8re :<\/strong><\/p>\n<p class=\"p1\">Pour ceux d&#8217;entre vous qui sont employ\u00e9s ou responsables d&#8217;un restaurant, d&#8217;un h\u00f4tel, d&#8217;un bar ou d&#8217;un club de nuit dans l&#8217;un des cantons suivants, il est possible de b\u00e9n\u00e9ficier d&#8217;une subvention pour le prix du cours.<\/p>\n<p class=\"p1\">Les cantons avec lesquels nous avons actuellement un accord sont:<\/p>\n<ul>\n<li>Fribourg<\/li>\n<li>Gen\u00e8ve &#8211; il est possible de demander &#8220;<a href=\"https:\/\/www.ge.ch\/demarches\/aides-financieres-argent-impots\/aides-formation\" target=\"_blank\" rel=\"noopener\"><span class=\"s1\">une bourse ou un pr\u00eat<\/span><\/a>&#8221; aupr\u00e8s du Canton<\/li>\n<li>Jura<\/li>\n<li>Neuch\u00e2tel<\/li>\n<li>Valais &#8211; ritzy formation continue<\/li>\n<\/ul>\n<p class=\"p2\"><em>Pour les g\u00e9rants et employ\u00e9s d\u2019un restaurant, bar, h\u00f4tel ou un club de nuit (soumis \u00e0 la CCNT) dans un Canton qui n\u2019offre pas une subvention pour la formation continue, nous vous accordons un rabais de 10% sur le prix du cours dans nos locaux principaux et aussi dans le Canton de Ticino. Veuillez nous contacter pour en savoir plus.<\/em><\/p>\n<p>Veuillez utiliser le code: YP6W6WE2 pendant votre inscription.<\/p>\n<p class=\"p3\">Pour les cantons pour lesquels nous avons actuellement un accord, contactez-nous et nous vous aiderons dans vos d\u00e9marches. Nous nous r\u00e9jouissons de vous accueillir au prochain cours.<\/p>\n","protected":false},"excerpt":{"rendered":"<h6><strong>Niveau 1 &#8211; Introduction au vin et aux vins suisses<em><br \/>\n<\/em><\/strong><\/h6>\n<h6><strong><em>\u00c0 qui s&#8217;adresse-t-il?<\/em><\/strong><\/h6>\n<p>Le cours s&#8217;adresse \u00e0 tous ceux qui s&#8217;int\u00e9ressent au vin mais qui n&#8217;ont pas ou peu de connaissances en la mati\u00e8re. Comme nous sommes dans un pays producteur de vin, nous vous pr\u00e9senterons \u00e9galement les principaux c\u00e9pages produits en Suisse.<\/p>\n<h6><strong><em>Qu&#8217;apporte-t-il?<\/em><\/strong><\/h6>\n<p>L&#8217;objectif du cours est d&#8217;offrir un niveau de connaissances de base sur la fabrication du vin et les principaux styles de vin et de c\u00e9pages dans le monde. Nous pourrons \u00e9galement tester quelques principes d&#8217;accords mets et vins.<\/p>\n<p><em><strong>Lieu du cours:<img loading=\"lazy\" decoding=\"async\" class=\" wp-image-37100 alignright\" src=\"https:\/\/beverageinstitute.ch\/wp-content\/uploads\/2025\/03\/Screenshot-2025-03-28-at-17.21.36-300x260.png\" alt=\"\" width=\"174\" height=\"150\" srcset=\"https:\/\/beverageinstitute.ch\/wp-content\/uploads\/2025\/03\/Screenshot-2025-03-28-at-17.21.36-300x260.png 300w, https:\/\/beverageinstitute.ch\/wp-content\/uploads\/2025\/03\/Screenshot-2025-03-28-at-17.21.36-350x303.png 350w, https:\/\/beverageinstitute.ch\/wp-content\/uploads\/2025\/03\/Screenshot-2025-03-28-at-17.21.36-1024x887.png 1024w, https:\/\/beverageinstitute.ch\/wp-content\/uploads\/2025\/03\/Screenshot-2025-03-28-at-17.21.36-768x666.png 768w, https:\/\/beverageinstitute.ch\/wp-content\/uploads\/2025\/03\/Screenshot-2025-03-28-at-17.21.36.png 1244w\" sizes=\"auto, (max-width: 174px) 100vw, 174px\" \/><\/strong><\/em><\/p>\n<p>The Beverage Institute<\/p>\n<p>Bernapark 1<\/p>\n<p>CH-3066 Stettlen<\/p>\n<p><em>Arr\u00eat \u00e0 la gare de &#8220;Deisswil&#8221;, 14 minutes avec le S7 de la gare principale de Berne, train toutes les 15 minutes.<\/em><\/p>\n","protected":false},"featured_media":30619,"template":"","meta":[],"product_brand":[],"product_cat":[21],"product_tag":[210,208,209,79],"class_list":{"0":"post-38025","1":"product","2":"type-product","3":"status-publish","4":"has-post-thumbnail","6":"product_cat-l1-intro-wine","7":"product_tag-n1wset","8":"product_tag-niveau-1-vins-suisse","9":"product_tag-vin-suisse","10":"product_tag-wset","12":"first","13":"instock","14":"shipping-taxable","15":"purchasable","16":"product-type-simple"},"translation":{"provider":"WPGlobus","version":"3.0.2","language":"it","enabled_languages":["en","de","fr","it"],"languages":{"en":{"title":true,"content":true,"excerpt":true},"de":{"title":false,"content":false,"excerpt":false},"fr":{"title":false,"content":false,"excerpt":false},"it":{"title":false,"content":false,"excerpt":false}}},"_links":{"self":[{"href":"https:\/\/beverageinstitute.ch\/it\/wp-json\/wp\/v2\/product\/38025","targetHints":{"allow":["GET"]}}],"collection":[{"href":"https:\/\/beverageinstitute.ch\/it\/wp-json\/wp\/v2\/product"}],"about":[{"href":"https:\/\/beverageinstitute.ch\/it\/wp-json\/wp\/v2\/types\/product"}],"wp:featuredmedia":[{"embeddable":true,"href":"https:\/\/beverageinstitute.ch\/it\/wp-json\/wp\/v2\/media\/30619"}],"wp:attachment":[{"href":"https:\/\/beverageinstitute.ch\/it\/wp-json\/wp\/v2\/media?parent=38025"}],"wp:term":[{"taxonomy":"product_brand","embeddable":true,"href":"https:\/\/beverageinstitute.ch\/it\/wp-json\/wp\/v2\/product_brand?post=38025"},{"taxonomy":"product_cat","embeddable":true,"href":"https:\/\/beverageinstitute.ch\/it\/wp-json\/wp\/v2\/product_cat?post=38025"},{"taxonomy":"product_tag","embeddable":true,"href":"https:\/\/beverageinstitute.ch\/it\/wp-json\/wp\/v2\/product_tag?post=38025"}],"curies":[{"name":"wp","href":"https:\/\/api.w.org\/{rel}","templated":true}]}}