{"id":38074,"date":"2026-02-10T13:09:56","date_gmt":"2026-02-10T12:09:56","guid":{"rendered":"https:\/\/beverageinstitute.ch\/?post_type=product&#038;p=38074"},"modified":"2026-02-10T13:14:04","modified_gmt":"2026-02-10T12:14:04","slug":"l1-introduzione-al-vino-22-05-2026-italiano-berna-scadenza-registrazione-10-05-2026","status":"publish","type":"product","link":"https:\/\/beverageinstitute.ch\/it\/product\/l1-introduzione-al-vino-22-05-2026-italiano-berna-scadenza-registrazione-10-05-2026\/","title":{"rendered":"Livello 1 &#8211; Introduzione al vino &#8211; 22.05.2026 &#8211; italiano &#8211; Berna &#8211; scadenza di registrazione il 10.05.2026"},"content":{"rendered":"<table class=\" aligncenter\" style=\"margin-left: auto; margin-right: auto; width: 90.8415%;\">\n<tbody>\n<tr style=\"height: 126px;\">\n<td style=\"text-align: center; height: 126px; width: 52.8883%;\" colspan=\"2\"><strong>Venerd\u00ec, il 22 maggio 2026<\/strong><\/p>\n<p><strong>Livello 1 &#8211; Introduzione al vino e al vino svizzero<\/strong><\/p>\n<p>Insegnamento, materiale di studio ed esami in lingua italiana<\/td>\n<\/tr>\n<tr style=\"height: 58px;\">\n<td style=\"width: 11.9918%; text-align: center; height: 58px;\"><em>dalle 08:15<\/em><\/td>\n<td style=\"width: 40.8965%; text-align: center; height: 58px;\"><em>Benvenuti<\/em><\/td>\n<\/tr>\n<tr style=\"height: 40px;\">\n<td style=\"width: 11.9918%; text-align: center; height: 40px;\">08:30<\/td>\n<td style=\"width: 40.8965%; text-align: center; height: 40px;\">Introduzione al corso e agli obiettivi<\/td>\n<\/tr>\n<tr style=\"height: 40.5417px;\">\n<td style=\"width: 11.9918%; text-align: center; height: 40.5417px;\">08:40<\/td>\n<td style=\"width: 40.8965%; text-align: center; height: 40.5417px;\">Vigneti svizzeri<\/td>\n<\/tr>\n<tr style=\"height: 40px;\">\n<td style=\"width: 11.9918%; text-align: center; height: 40px;\">10:00<\/td>\n<td style=\"width: 40.8965%; text-align: center; height: 40px;\">Vini bianchi<\/td>\n<\/tr>\n<tr style=\"height: 40px;\">\n<td style=\"width: 11.9918%; text-align: center; height: 40px;\"><em>11:30<\/em><\/td>\n<td style=\"width: 40.8965%; text-align: center; height: 40px;\"><em>Pausa pranzo<\/em><\/td>\n<\/tr>\n<tr style=\"height: 40px;\">\n<td style=\"width: 11.9918%; text-align: center; height: 40px;\">12:30<\/td>\n<td style=\"width: 40.8965%; text-align: center; height: 40px;\">Vini rossi \/ rosati<\/td>\n<\/tr>\n<tr>\n<td style=\"width: 11.9918%; text-align: center;\">13:30<\/td>\n<td style=\"width: 40.8965%; text-align: center;\">exercizio pratico &#8211; abbinamento vino e cibo<\/td>\n<\/tr>\n<tr style=\"height: 40px;\">\n<td style=\"width: 11.9918%; text-align: center; height: 40px;\">15:00<\/td>\n<td style=\"width: 40.8965%; text-align: center; height: 40px;\">domande e revisione<\/td>\n<\/tr>\n<tr style=\"height: 40px;\">\n<td style=\"width: 11.9918%; text-align: center; height: 40px;\"><em><span style=\"font-size: 12pt; font-family: 'trebuchet ms', geneva, sans-serif;\">\u00a0<\/span>15:15<\/em><\/td>\n<td style=\"width: 40.8965%; text-align: center; height: 40px;\"><em>breve pausa<\/em><\/td>\n<\/tr>\n<tr style=\"height: 40px;\">\n<td style=\"width: 11.9918%; text-align: center; height: 40px;\">15:30<\/td>\n<td style=\"width: 40.8965%; text-align: center; height: 40px;\">Esame<\/td>\n<\/tr>\n<tr style=\"height: 40px;\">\n<td style=\"width: 11.9918%; text-align: center; height: 40px;\">16:30<\/td>\n<td style=\"width: 40.8965%; text-align: center; height: 40px;\">Fine d&#8217;esame e del corso<\/td>\n<\/tr>\n<\/tbody>\n<\/table>\n<ul>\n<li>Create il vostro profilo e accedete per prenotare il vostro posto in questo corso.<\/li>\n<\/ul>\n<p><em>N.B. Accettiamo pagamenti con carta di credito o di debito attraverso il sistema SumUp, ma \u00e8 possibile pagare anche tramite bonifico bancario. Si prega di notare che \u00e8 necessario completare i dati di registrazione, al fine di completare il processo di registrazione il pi\u00f9 rapidamente possibile.<\/em><\/p>\n<p class=\"p1\"><span style=\"font-size: 12pt;\"><b>Sede del corso:<\/b><\/span><\/p>\n<p class=\"p1\"><span style=\"font-size: 12pt;\">The Beverage Institute<\/span><\/p>\n<p><span style=\"font-size: 12pt;\">Bernapark 1<\/span><\/p>\n<p><span style=\"font-size: 12pt;\">CH-3066 Deisswil (Stettlen)<\/span><\/p>\n<p class=\"p1\"><b>Assistenza finanziaria:<\/b><b><\/b><\/p>\n<p class=\"p1\">Per coloro che sono impiegati o responsabili di un ristorante, albergo, bar o night club in dei seguenti cantoni, c&#8217;\u00e8 la possibilit\u00e0 di essere sovvenzionati per la quota del corso.<\/p>\n<p class=\"p1\">I cantoni con cui abbiamo attualmente un accordo sono:<\/p>\n<ul class=\"ul1\">\n<li class=\"li2\">Friburgo<\/li>\n<li class=\"li2\">Ginevra &#8211; \u00e8 possibile chiedere &#8220;<a href=\"https:\/\/www.ge.ch\/parcourir\/aides-financieres-argent-impots\/aides-formation\" target=\"_blank\" rel=\"noopener\"><span class=\"s1\">una sovvenzione o un prestito<\/span><\/a>&#8221; al Cantone<\/li>\n<li class=\"li2\">Jura<\/li>\n<li class=\"li2\">Neuch\u00e2tel<\/li>\n<li class=\"li2\">Vallese &#8211; formazione continua ritzy<\/li>\n<\/ul>\n<p class=\"p1\"><em>Per i gestori e i dipendenti di un ristorante, bar, albergo o locale notturno (soggetto alla CCNL) in un Cantone che non offre un sussidio per la formazione continua, offriamo uno sconto del 10% sul prezzo del corso presso la nostra sede principale e anche nel Canton Ticino. Contattateci per saperne di pi\u00f9.<\/em><\/p>\n<p>Si prega di utilizzare il codice: YP6W6WE2 al momento della registrazione.<\/p>\n<p class=\"p1\">Per i cantoni con cui abbiamo attualmente un accordo, contattateci e vi assisteremo nel processo. Saremo lieti di dare il benvenuto al vostro prossimo corso.<\/p>\n","protected":false},"excerpt":{"rendered":"<h6><strong>Chi pu\u00f2 partecipare?<\/strong><\/h6>\n<p>Il corso si rivolge a tutti coloro che sono interessati al vino ma che hanno poche o nessuna conoscenza del vino. Dato che ci troviamo in un paese produttore di vino, vi presenteremo anche le principali variet\u00e0 di uva prodotte in Svizzera.<\/p>\n<h6><strong>Quali sono I benefici del corso?<\/strong><\/h6>\n<p>L&#8217;obiettivo del corso \u00e8 quello di offrire un livello introduttivo di conoscenza su come viene fatto il vino e sui principali stili di vino e vitigni nel mondo. Saremo anche in grado di testare alcuni principi di abbinamento tra cibo e vino.<\/p>\n<p><strong>Programma del corso<\/strong><\/p>\n<ul>\n<li>le principali variet\u00e0 di uve da vino bianco<\/li>\n<li>le principali variet\u00e0 di uve da vino rosso<\/li>\n<li>le principali variet\u00e0 di uva ros\u00e9<\/li>\n<li>leggere l&#8217;etichetta del vino<\/li>\n<li>l&#8217;abbinamento cibo-vino<\/li>\n<li>degustazione del vino utilizzando l&#8217;approccio sistematico WSET\u00ae Livello 2 alla degustazione\u00a9 del vino<\/li>\n<li>le temperature di conservazione e di servizio del vino<\/li>\n<\/ul>\n<h6><strong>Per ottenere la qualificazione di livello 1 sar\u00e0 richiesto di candidati:<\/strong><\/h6>\n<p>Unit\u00e0 I (Teoria)<br \/>\n\u2022\u00a0\u00a0 \u00a0un esame a scelta multipla di 30 domande<\/p>\n<p>Durata dell\u2019esercizio con limitazioni di tempo:<br \/>\n\u2022\u00a0\u00a0 \u00a0quarantacinque (45) minuti.<\/p>\n<p>L\u2019esame sar\u00e0 segnato da &#8220;The Beverage Institute&#8221;\u00a0 in Svizzera.<\/p>\n<p><em>N.B. <span id=\"result_box\" class=\"\" lang=\"it\"><span class=\"hps\">I corsi<\/span> <span class=\"hps\">di vino svizzero sono attualmente disponibili solo in<\/span> <span class=\"hps\">lingua<\/span> francese, tedesco o inglese<span class=\"\">,<\/span> <span class=\"hps\">si prega di<\/span> <span class=\"hps\">tener conto<\/span> <span class=\"hps\">della lingua<\/span><span class=\"\">, cos\u00ec come<\/span> <span class=\"hps\">la<\/span> <span class=\"hps\">data del corso<\/span> <span class=\"hps\">al momento della registrazione<\/span><\/span><\/em><\/p>\n<p><strong><span class=\"\" lang=\"it\"><span class=\"hps\">Richiesta conoscenza preliminare per il corso:\u00a0<\/span><\/span><\/strong><span class=\"\" lang=\"it\"><span class=\"hps\">&#8211; nessuno<br \/>\n<\/span><\/span><\/p>\n<p><span class=\"\" lang=\"it\"><span class=\"hps\"><em>(N.B. se non sei sicuro, contattaci, affinch\u00e9 possiamo aiutarti a scegliere il livello del corso secondo le tue esigenze e obiettivi).<\/em><\/span><\/span><\/p>\n<p><span class=\"\" lang=\"it\"><span class=\"hps\"><strong>Ore di apprendimento guidati:\u00a0<\/strong>&#8211;\u00a0Si racomanda che il tempo di insegnamento per i corso \u00e8 non meno di 6 ore \u00e8 deve essere non pi\u00f9 di 9 ore<\/span><\/span><\/p>\n<p><strong>Risultati di apprendimento &#8211; a<\/strong><strong>l termine de questo corso, Il candidato sar\u00e0 in grado di:<\/strong><\/p>\n<ul>\n<li>descrivere in termini generali la viticoltura e vinificazione in Svizzera<\/li>\n<li>identificare e descrivere le caratteristiche dei principali vitigni coltivati in Svizzera<\/li>\n<li>produrre note di degustazione utilizzando l&#8217;approccio sistematico WSET\u00ae livello 2 per la degustazione<\/li>\n<li>fornire informazioni e consigli sulla corretta conservazione e il servizio di vini svizzeri<\/li>\n<li>fornire informazioni sui problemi di salute in materia di vini e liquori<\/li>\n<\/ul>\n","protected":false},"featured_media":30619,"template":"","meta":[],"product_brand":[],"product_cat":[21],"product_tag":[],"class_list":{"0":"post-38074","1":"product","2":"type-product","3":"status-publish","4":"has-post-thumbnail","6":"product_cat-l1-intro-wine","8":"first","9":"instock","10":"shipping-taxable","11":"purchasable","12":"product-type-simple"},"translation":{"provider":"WPGlobus","version":"3.0.2","language":"it","enabled_languages":["en","de","fr","it"],"languages":{"en":{"title":true,"content":true,"excerpt":true},"de":{"title":false,"content":false,"excerpt":false},"fr":{"title":false,"content":false,"excerpt":false},"it":{"title":false,"content":false,"excerpt":false}}},"_links":{"self":[{"href":"https:\/\/beverageinstitute.ch\/it\/wp-json\/wp\/v2\/product\/38074","targetHints":{"allow":["GET"]}}],"collection":[{"href":"https:\/\/beverageinstitute.ch\/it\/wp-json\/wp\/v2\/product"}],"about":[{"href":"https:\/\/beverageinstitute.ch\/it\/wp-json\/wp\/v2\/types\/product"}],"wp:featuredmedia":[{"embeddable":true,"href":"https:\/\/beverageinstitute.ch\/it\/wp-json\/wp\/v2\/media\/30619"}],"wp:attachment":[{"href":"https:\/\/beverageinstitute.ch\/it\/wp-json\/wp\/v2\/media?parent=38074"}],"wp:term":[{"taxonomy":"product_brand","embeddable":true,"href":"https:\/\/beverageinstitute.ch\/it\/wp-json\/wp\/v2\/product_brand?post=38074"},{"taxonomy":"product_cat","embeddable":true,"href":"https:\/\/beverageinstitute.ch\/it\/wp-json\/wp\/v2\/product_cat?post=38074"},{"taxonomy":"product_tag","embeddable":true,"href":"https:\/\/beverageinstitute.ch\/it\/wp-json\/wp\/v2\/product_tag?post=38074"}],"curies":[{"name":"wp","href":"https:\/\/api.w.org\/{rel}","templated":true}]}}