{"id":38080,"date":"2026-02-16T09:29:56","date_gmt":"2026-02-16T08:29:56","guid":{"rendered":"https:\/\/beverageinstitute.ch\/?post_type=product&#038;p=38080"},"modified":"2026-03-10T11:22:03","modified_gmt":"2026-03-10T10:22:03","slug":"niveau-3-certificat-avance-vins-suisses-langue-francaise-berne-03-06-2026-cloture-des-inscriptions-20-05-2026","status":"publish","type":"product","link":"https:\/\/beverageinstitute.ch\/it\/product\/niveau-3-certificat-avance-vins-suisses-langue-francaise-berne-03-06-2026-cloture-des-inscriptions-20-05-2026\/","title":{"rendered":"Niveau 3 Certificat avanc\u00e9 Vins Suisses &#8211; langue fran\u00e7aise &#8211; Berne &#8211; 03.06.2026 cl\u00f4ture des inscriptions 20.05.2026"},"content":{"rendered":"<table style=\"border-collapse: collapse; width: 100%;\">\n<tbody>\n<tr>\n<td style=\"width: 100%; text-align: center;\" colspan=\"2\"><strong>Niveau 3 &#8211; Certificat avanc\u00e9 &#8211; Vins Suisses<\/strong><\/p>\n<p>Instruction et mat\u00e9riel d&#8217;\u00e9tude en langue fran\u00e7aise<\/td>\n<\/tr>\n<tr>\n<td style=\"width: 30%; text-align: center;\" colspan=\"2\"><strong>Mercredi, le 3 juin 2026<\/strong><\/td>\n<\/tr>\n<tr>\n<td style=\"width: 30%; text-align: center;\"><em>\u00e0 partir de 08:15<\/em><\/td>\n<td style=\"width: 70%; text-align: center;\"><em>Bienvenue<\/em><\/td>\n<\/tr>\n<tr>\n<td style=\"width: 30%; text-align: center;\">08:30<\/td>\n<td style=\"width: 70%; text-align: center;\">Introduction au cours et aux objectifs<\/td>\n<\/tr>\n<tr>\n<td style=\"width: 30%; text-align: center;\">09:00<\/td>\n<td style=\"width: 70%; text-align: center;\">Viticulture &amp; Vinification<\/p>\n<p>(Bio &amp; autre m\u00e9thodes)<\/td>\n<\/tr>\n<tr>\n<td style=\"width: 30%; text-align: center;\">11:00<\/td>\n<td style=\"width: 70%; text-align: center;\">Le vignoble Suisse<\/td>\n<\/tr>\n<tr>\n<td style=\"width: 30%; text-align: center;\">11:15<\/td>\n<td style=\"width: 70%; text-align: center;\">Valais, la r\u00e9gion &amp; ses vins<\/td>\n<\/tr>\n<tr>\n<td style=\"width: 30%; text-align: center;\"><em>12:00<\/em><\/td>\n<td style=\"width: 70%; text-align: center;\"><em>Pause d\u00e9jeuner<\/em><\/td>\n<\/tr>\n<tr>\n<td style=\"width: 30%; text-align: center;\">13:00<\/td>\n<td style=\"width: 70%; text-align: center;\">Vaud, la r\u00e9gion &amp; ses vins<\/td>\n<\/tr>\n<tr>\n<td style=\"width: 30%; text-align: center;\">14:30<\/td>\n<td style=\"width: 70%; text-align: center;\">G\u00e9neve, la r\u00e9gion &amp; ses vins<\/td>\n<\/tr>\n<tr>\n<td style=\"width: 30%; text-align: center;\"><em>16:30<\/em><\/td>\n<td style=\"width: 70%; text-align: center;\"><em>Questions &amp; fin de la premi\u00e8re journ\u00e9e<\/em><\/td>\n<\/tr>\n<tr>\n<td style=\"width: 30%; text-align: center;\" colspan=\"2\"><strong>Mercredi, le 10 juin 2026<\/strong><\/td>\n<\/tr>\n<tr>\n<td style=\"width: 30%; text-align: center;\"><em>\u00e0 partir de 08:15<\/em><\/td>\n<td style=\"width: 70%; text-align: center;\"><em>Bienvenue<\/em><\/td>\n<\/tr>\n<tr>\n<td style=\"width: 30%; text-align: center;\">08:30<\/td>\n<td style=\"width: 70%; text-align: center;\">Les trois lacs &#8211; la r\u00e9gion &amp; ses vins<\/td>\n<\/tr>\n<tr>\n<td style=\"width: 30%; text-align: center;\">12:00<\/td>\n<td style=\"width: 70%; text-align: center;\"><em>Pause d\u00e9jeuner<\/em><\/td>\n<\/tr>\n<tr>\n<td style=\"width: 30%; text-align: center;\">13:00<\/td>\n<td style=\"width: 70%; text-align: center;\">Tessin \/ Ticino, Region &amp; Wines<\/td>\n<\/tr>\n<tr>\n<td style=\"width: 30%; text-align: center;\">14:30<\/td>\n<td style=\"width: 70%; text-align: center;\">La Suisse occidentale, Region &amp; Wines<\/td>\n<\/tr>\n<tr>\n<td style=\"width: 30%; text-align: center;\"><em>16:30<\/em><\/td>\n<td style=\"width: 70%; text-align: center;\"><em>Questions, &amp; fin de la deuxi\u00e8me journ\u00e9e<\/em><\/td>\n<\/tr>\n<tr>\n<td style=\"width: 30%; text-align: center;\" colspan=\"2\"><strong>Mercredi le 17 juin 2026<\/strong><\/td>\n<\/tr>\n<tr>\n<td style=\"width: 30%; text-align: center;\"><em>\u00e0 partir de 08:15<\/em><\/td>\n<td style=\"width: 70%; text-align: center;\"><em>Bienvenue<\/em><\/td>\n<\/tr>\n<tr>\n<td style=\"width: 30%; text-align: center;\">08:30<\/td>\n<td style=\"width: 70%; text-align: center;\">Examen<\/td>\n<\/tr>\n<tr>\n<td style=\"width: 30%; text-align: center;\"><em>11:30<\/em><\/td>\n<td style=\"width: 70%; text-align: center;\"><em>Fin de l&#8217;examen et le cours<\/em><\/td>\n<\/tr>\n<\/tbody>\n<\/table>\n<ul>\n<li>Veuillez cr\u00e9er votre profil et connectez-vous afin de pouvoir r\u00e9server votre place sur ce cours.<\/li>\n<li><em>Nous avons besoin que vous pour compl\u00e9tez les informations d&#8217;inscription, qui incluent votre date de naissance afin de terminer le processus d&#8217;inscription le plus rapidement possible pour vous.<\/em><\/li>\n<\/ul>\n<p><em>N.B. Nous acceptons les paiements par carte de cr\u00e9dit \u00e0 travers le syst\u00e8me de SumUp, mais vous pouvez aussi payer par virement bancaire.\u00a0<\/em><\/p>\n<p class=\"p1\"><b>Aide financi\u00e8re:<\/b><\/p>\n<p class=\"p1\">Pour ceux d&#8217;entre vous qui sont employ\u00e9s ou responsables d&#8217;un restaurant, d&#8217;un h\u00f4tel, d&#8217;un bar ou d&#8217;une bo\u00eete de nuit dans l&#8217;un des cantons suivants, il est possible de b\u00e9n\u00e9ficier d&#8217;une subvention pour le prix du cours.<\/p>\n<p class=\"p1\">Les cantons avec lesquels nous avons actuellement un accord sont:<\/p>\n<ul class=\"ul1\">\n<li class=\"li2\">Fribourg<\/li>\n<li class=\"li2\">Gen\u00e8ve &#8211; il est possible de demander &#8220;<a href=\"https:\/\/www.ge.ch\/parcourir\/aides-financieres-argent-impots\/aides-formation\"><span class=\"s1\">une bourse ou un pr\u00eat<\/span><\/a>&#8221; aupr\u00e9s du Canton<\/li>\n<li class=\"li2\">Jura<\/li>\n<li class=\"li2\">Neuch\u00e2tel<\/li>\n<li class=\"li2\">Valais &#8211; ritzy formation continue<\/li>\n<\/ul>\n<p class=\"p2\"><em>Pour les g\u00e9rants et employ\u00e9s d\u2019un restaurant, bar, h\u00f4tel ou un club de nuit (soumis \u00e0 la CCNT) dans un Canton qui n\u2019offre pas une subvention pour la formation continue, nous vous accordons un rabais de 10% sur le prix du cours dans nos locaux principaux et aussi dans le Canton de Ticino. Veuillez nous contacter pour en savoir plus.<\/em><\/p>\n<p>Veuillez utiliser le code: YP6W6WE2 pendant votre inscription.<\/p>\n<p class=\"p3\">Pour les cantons pour lesquels nous avons actuellement un accord, contactez-nous et nous vous aiderons dans vos d\u00e9marches. Nous nous r\u00e9jouissons de vous accueillir au prochain cours.<\/p>\n","protected":false},"excerpt":{"rendered":"<p><em><strong>Lieu du cours:<img loading=\"lazy\" decoding=\"async\" class=\" wp-image-37100 alignright\" src=\"https:\/\/beverageinstitute.ch\/wp-content\/uploads\/2025\/03\/Screenshot-2025-03-28-at-17.21.36-300x260.png\" alt=\"\" width=\"172\" height=\"149\" srcset=\"https:\/\/beverageinstitute.ch\/wp-content\/uploads\/2025\/03\/Screenshot-2025-03-28-at-17.21.36-300x260.png 300w, https:\/\/beverageinstitute.ch\/wp-content\/uploads\/2025\/03\/Screenshot-2025-03-28-at-17.21.36-350x303.png 350w, https:\/\/beverageinstitute.ch\/wp-content\/uploads\/2025\/03\/Screenshot-2025-03-28-at-17.21.36-1024x887.png 1024w, https:\/\/beverageinstitute.ch\/wp-content\/uploads\/2025\/03\/Screenshot-2025-03-28-at-17.21.36-768x666.png 768w, https:\/\/beverageinstitute.ch\/wp-content\/uploads\/2025\/03\/Screenshot-2025-03-28-at-17.21.36.png 1244w\" sizes=\"auto, (max-width: 172px) 100vw, 172px\" \/><\/strong><\/em><\/p>\n<p>The Beverage Institute<\/p>\n<p>Bernapark 1<\/p>\n<p>CH-3066 Stettlen<\/p>\n<p><em>Arr\u00eat \u00e0 la gare de &#8220;Deisswil&#8221;, 14 minutes avec le S7 de la gare principale de Berne, train toutes les 15 minutes.<\/em><\/p>\n","protected":false},"featured_media":30619,"template":"","meta":[],"product_brand":[],"product_cat":[20,25],"product_tag":[212,210,211,209,79],"class_list":{"0":"post-38080","1":"product","2":"type-product","3":"status-publish","4":"has-post-thumbnail","6":"product_cat-wine-courses","7":"product_cat-l3_wine_courses","8":"product_tag-cours-vin-suisse","9":"product_tag-n1wset","10":"product_tag-niveau-3-vins-suisse","11":"product_tag-vin-suisse","12":"product_tag-wset","14":"first","15":"instock","16":"shipping-taxable","17":"purchasable","18":"product-type-simple"},"translation":{"provider":"WPGlobus","version":"3.0.2","language":"it","enabled_languages":["en","de","fr","it"],"languages":{"en":{"title":true,"content":true,"excerpt":true},"de":{"title":false,"content":false,"excerpt":false},"fr":{"title":false,"content":false,"excerpt":false},"it":{"title":false,"content":false,"excerpt":false}}},"_links":{"self":[{"href":"https:\/\/beverageinstitute.ch\/it\/wp-json\/wp\/v2\/product\/38080","targetHints":{"allow":["GET"]}}],"collection":[{"href":"https:\/\/beverageinstitute.ch\/it\/wp-json\/wp\/v2\/product"}],"about":[{"href":"https:\/\/beverageinstitute.ch\/it\/wp-json\/wp\/v2\/types\/product"}],"wp:featuredmedia":[{"embeddable":true,"href":"https:\/\/beverageinstitute.ch\/it\/wp-json\/wp\/v2\/media\/30619"}],"wp:attachment":[{"href":"https:\/\/beverageinstitute.ch\/it\/wp-json\/wp\/v2\/media?parent=38080"}],"wp:term":[{"taxonomy":"product_brand","embeddable":true,"href":"https:\/\/beverageinstitute.ch\/it\/wp-json\/wp\/v2\/product_brand?post=38080"},{"taxonomy":"product_cat","embeddable":true,"href":"https:\/\/beverageinstitute.ch\/it\/wp-json\/wp\/v2\/product_cat?post=38080"},{"taxonomy":"product_tag","embeddable":true,"href":"https:\/\/beverageinstitute.ch\/it\/wp-json\/wp\/v2\/product_tag?post=38080"}],"curies":[{"name":"wp","href":"https:\/\/api.w.org\/{rel}","templated":true}]}}