{"id":38086,"date":"2026-02-16T10:05:55","date_gmt":"2026-02-16T09:05:55","guid":{"rendered":"https:\/\/beverageinstitute.ch\/?post_type=product&#038;p=38086"},"modified":"2026-02-16T10:08:11","modified_gmt":"2026-02-16T09:08:11","slug":"niveau-3-diplome-wset-en-vin-formation-a-distance-examen-le-6-decembre-2026-cloture-des-inscriptions-le-2-octobre-2026","status":"publish","type":"product","link":"https:\/\/beverageinstitute.ch\/it\/product\/niveau-3-diplome-wset-en-vin-formation-a-distance-examen-le-6-decembre-2026-cloture-des-inscriptions-le-2-octobre-2026\/","title":{"rendered":"Niveau 3 &#8211; dipl\u00f4me WSET en vin, formation \u00e0 distance, examen le 6 d\u00e9cembre 2026 &#8211; cl\u00f4ture des inscriptions le 2 octobre 2026"},"content":{"rendered":"<h6><em><strong>A qui s&#8217;adresse-t-il?<\/strong><\/em><\/h6>\n<p>Cette formation est ouverte aux \u00e9tudiants d\u00e9tenteurs du Niveau 2 &#8211; WSET\u00ae dipl\u00f4me en vins, ou pouvant approter la preuve de connaissances \u00e9quivalentes. Il est fortement conseill\u00e9 aux \u00e9tudiants de passer l&#8217;examen de niveau 3 avant celui du niveau 3.<\/p>\n<p>La qualification est con\u00e7ue pour les employ\u00e9s dont le r\u00f4le commerciale est pr\u00e9pond\u00e9rant, et dont les d\u00e9cisions sur le choix de produit leur incombe directement, d\u00e9pendent de leur bon conseil \u00e0 leur direction, ainsi que s&#8217;ils doivent dispenser des conseils \u00e0 leur client\u00e8le.<\/p>\n<p><em><strong>Qu&#8217;apporte-t-il?<\/strong><\/em><\/p>\n<p>Le Niveau 3 &#8211; WSET\u00ae dipl\u00f4me en vins est con\u00e7u pour donner une compr\u00e9hension approfondie des facteurs qui expliquent le style, la qualit\u00e9 et le prix, des principaux vins tranquilles, mousseux et fortifi\u00e9s au monde. La qualification sera utile pour ceux qui sont n\u00e9cessaires pour faire des \u00e9valuations professionnelles des vins en ce qui concerne leur style, la qualit\u00e9 et le prix. La qualification fournit la connaissance du produit approfondie n\u00e9cessaire pour soutenir les aptitudes et les comp\u00e9tences professionnelles, par exemple dans la s\u00e9lection des produits dans les secteurs de vente au d\u00e9tail et de l&#8217;h\u00f4tellerie.<\/p>\n<p>Les candidats retenus seront en mesure de d\u00e9crire les caract\u00e9ristiques des principaux vins du monde et donner des informations sur les facteurs cl\u00e9s qui influent sur le style, la qualit\u00e9 et le prix. Ils seront par cons\u00e9quent en mesure de conseiller la direction, pour r\u00e9pondre aux requ\u00eates des clients avec autorit\u00e9, et de faire des s\u00e9lections de vins \u00e9clair\u00e9s dans une vari\u00e9t\u00e9 de situations.<\/p>\n<p>Ce cours approte une analyse d\u00e9taill\u00e9e des principaux vins du monde. Les \u00e9tudiants b\u00e9n\u00e9ficieront \u00e9galement de d\u00e9gustations approfondies, o\u00f9 ils apprendront \u00e0 identiier le style du produit et sa qualit\u00e9. La d\u00e9gustation fait partie int\u00e9grale du cours.<\/p>\n<p><strong>Connaissances requises pour acc\u00e9der au cours:\u00a0<\/strong>&#8211; Niveau 2 &#8211; WSET\u00ae dipl\u00f4me en vins ou \u00e9quivalent<\/p>\n<p><em>(N.B. si vous n&#8217;\u00eates pas s\u00fbr, contactez-nous, afin que nous puissions vous aider \u00e0 choisir le niveau du cours en fonction de vos besoins et de vos objectifs).<\/em><\/p>\n<p>Lieu du cours: The Beverage Institute<\/p>\n<p>Bernapark 1<\/p>\n<p>3066 Deisswil (Stettlen)<\/p>\n<p>Veuillez noter que vous \u00eates cens\u00e9 suivre le cours et passer l&#8217;examen \u00e0 la date indiqu\u00e9e. Si vous ne pouvez pas passer l&#8217;examen \u00e0 la date indiqu\u00e9e, vous devez pr\u00e9senter un certificat m\u00e9dical avant la date de l&#8217;examen.<br \/>\nApr\u00e8s la pr\u00e9sentation du certificat m\u00e9dical, vous avez six mois pour passer l&#8217;examen (Niveau 3 &#8211; dipl\u00f4me WSET\u00ae en Vins).<\/p>\n<p class=\"p1\"><b>Aide financi\u00e8re:<\/b><\/p>\n<p class=\"p1\">Pour ceux d&#8217;entre vous qui sont employ\u00e9s ou responsables d&#8217;un restaurant, d&#8217;un h\u00f4tel, d&#8217;un bar ou d&#8217;une bo\u00eete de nuit dans l&#8217;un des cantons suivants, il est possible de b\u00e9n\u00e9ficier d&#8217;une subvention pour le prix du cours.<\/p>\n<p class=\"p1\">Les cantons avec lesquels nous avons actuellement un accord sont:<\/p>\n<ul class=\"ul1\">\n<li class=\"li2\">Fribourg<\/li>\n<li class=\"li2\">Gen\u00e8ve &#8211; il est possible de demander &#8220;<a href=\"https:\/\/www.ge.ch\/parcourir\/aides-financieres-argent-impots\/aides-formation\"><span class=\"s1\">une bourse ou un pr\u00eat<\/span><\/a>&#8221; aupr\u00e9s du Canton<\/li>\n<li class=\"li2\">Jura<\/li>\n<li class=\"li2\">Neuch\u00e2tel<\/li>\n<li class=\"li2\">Valais &#8211; ritzy formation continue<\/li>\n<\/ul>\n<p class=\"p2\"><em>Pour les g\u00e9rants et employ\u00e9s d\u2019un restaurant, bar, h\u00f4tel ou un club de nuit (soumis \u00e0 la CCNT) dans un Canton qui n\u2019offre pas une subvention pour la formation continue, nous vous accordons un rabais de 10% sur le prix du cours dans nos locaux principaux et aussi dans le Canton de Ticino. Veuillez nous contacter pour en savoir plus.<\/em><\/p>\n<p>Veuillez utiliser le code: YP6W6WE2 pendant votre inscription.<\/p>\n<p class=\"p3\">Pour les cantons pour lesquels nous avons actuellement un accord, contactez-nous et nous vous aiderons dans vos d\u00e9marches. Nous nous r\u00e9jouissons de vous accueillir au prochain cours.<\/p>\n","protected":false},"excerpt":{"rendered":"<p class=\"p1\">Ce qui est inclus dans le cours :<\/p>\n<ul>\n<li class=\"p1\">mat\u00e9riel d&#8217;\u00e9tude,<\/li>\n<li>le samedi 3 octobre 2026 de 09:00 heures \u00e0 12:00 en pr\u00e9sentiel introduction \u00e0 la d\u00e9gustation et \u00e0 l&#8217;examen \u00e0 Berne <em>(votre pr\u00e9sence est obligatoire!)<\/em><\/li>\n<li class=\"p1\">acc\u00e8s au site d&#8217;\u00e9tude pendant toute la dur\u00e9e du cours<\/li>\n<li class=\"p1\">le dimanche, 6 d\u00e9cembre 2026, l&#8217;examen WSET\u00ae dans nos locaux de Berne.<\/li>\n<\/ul>\n<p class=\"p1\"><span style=\"font-size: 12pt;\">Nous vous sugg\u00e9rons de commander le &#8220;<a href=\"https:\/\/www.e-tasting.com\/products\/level-3-wines-tasting-kit\" target=\"_blank\" rel=\"noopener noreferrer\">kit de d\u00e9gustation<\/a>&#8221; aupr\u00e8s de Vinovae en suivant le lien. &#8211; <em>le code d&#8217;enregistrement pour Vinovae vous sera envoy\u00e9 \u00e0 l&#8217;issue de la proc\u00e9dure d&#8217;inscription par voie \u00e9lectronique.<\/em><\/span><\/p>\n<p class=\"p1\"><span style=\"font-size: 12pt;\">Si vous avez des questions, n&#8217;h\u00e9sitez pas \u00e0 nous contacter<\/span><\/p>\n<p><span style=\"font-size: 12pt;\"><span style=\"font-family: 'trebuchet ms', geneva, sans-serif;\">Lieu des cours et de l&#8217;examen: The Beverage Institute,<\/span> Bernapark 1<span style=\"font-family: 'trebuchet ms', geneva, sans-serif;\">, 3066 Stettlen<\/span><\/span><\/p>\n<p>Veuillez noter que vous \u00eates cens\u00e9 suivre le cours et passer l&#8217;examen \u00e0 la date indiqu\u00e9e. Si vous ne pouvez pas passer l&#8217;examen \u00e0 la date indiqu\u00e9e, vous devez pr\u00e9senter un certificat m\u00e9dical avant la date de l&#8217;examen.<br \/>\nApr\u00e8s la pr\u00e9sentation du certificat m\u00e9dical, vous avez six mois pour passer l&#8217;examen (Niveau 3 &#8211; dipl\u00f4me WSET\u00ae en Vins).<\/p>\n","protected":false},"featured_media":30798,"template":"","meta":[],"product_brand":[],"product_cat":[25],"product_tag":[],"class_list":{"0":"post-38086","1":"product","2":"type-product","3":"status-publish","4":"has-post-thumbnail","6":"product_cat-l3_wine_courses","8":"first","9":"instock","10":"purchasable","11":"product-type-simple"},"translation":{"provider":"WPGlobus","version":"3.0.2","language":"it","enabled_languages":["en","de","fr","it"],"languages":{"en":{"title":true,"content":true,"excerpt":true},"de":{"title":false,"content":false,"excerpt":false},"fr":{"title":false,"content":false,"excerpt":false},"it":{"title":false,"content":false,"excerpt":false}}},"_links":{"self":[{"href":"https:\/\/beverageinstitute.ch\/it\/wp-json\/wp\/v2\/product\/38086","targetHints":{"allow":["GET"]}}],"collection":[{"href":"https:\/\/beverageinstitute.ch\/it\/wp-json\/wp\/v2\/product"}],"about":[{"href":"https:\/\/beverageinstitute.ch\/it\/wp-json\/wp\/v2\/types\/product"}],"wp:featuredmedia":[{"embeddable":true,"href":"https:\/\/beverageinstitute.ch\/it\/wp-json\/wp\/v2\/media\/30798"}],"wp:attachment":[{"href":"https:\/\/beverageinstitute.ch\/it\/wp-json\/wp\/v2\/media?parent=38086"}],"wp:term":[{"taxonomy":"product_brand","embeddable":true,"href":"https:\/\/beverageinstitute.ch\/it\/wp-json\/wp\/v2\/product_brand?post=38086"},{"taxonomy":"product_cat","embeddable":true,"href":"https:\/\/beverageinstitute.ch\/it\/wp-json\/wp\/v2\/product_cat?post=38086"},{"taxonomy":"product_tag","embeddable":true,"href":"https:\/\/beverageinstitute.ch\/it\/wp-json\/wp\/v2\/product_tag?post=38086"}],"curies":[{"name":"wp","href":"https:\/\/api.w.org\/{rel}","templated":true}]}}