{"id":38148,"date":"2026-04-17T10:48:17","date_gmt":"2026-04-17T08:48:17","guid":{"rendered":"https:\/\/beverageinstitute.ch\/?post_type=product&#038;p=38148"},"modified":"2026-04-17T11:00:15","modified_gmt":"2026-04-17T09:00:15","slug":"niveau-3-wset-en-vins-francais-28-10-2026-fribourg-cloture-des-inscriptions-le-12-10-2026","status":"publish","type":"product","link":"https:\/\/beverageinstitute.ch\/it\/product\/niveau-3-wset-en-vins-francais-28-10-2026-fribourg-cloture-des-inscriptions-le-12-10-2026\/","title":{"rendered":"Niveau 3 &#8211; WSET\u00ae en vins &#8211; fran\u00e7ais &#8211; 28.10.2026 &#8211; Fribourg &#8211; cl\u00f4ture des inscriptions le 12.10.2026"},"content":{"rendered":"<table class=\" aligncenter\" dir=\"ltr\" style=\"margin-left: auto; margin-right: auto; width: 106.571%; height: 2353px;\" align=\"center\">\n<tbody>\n<tr>\n<td style=\"text-align: center; width: 86.7754%;\" colspan=\"2\"><span style=\"font-family: 'trebuchet ms', geneva, sans-serif; font-size: 12pt;\"><strong>Niveau 3 &#8211; dipl\u00f4me WSET\u00ae en vins<br \/>\n<\/strong>Enseignement, mat\u00e9riel d&#8217;\u00e9tude et examen en langue fran\u00e7aise.<\/span><\/td>\n<\/tr>\n<tr>\n<td style=\"text-align: center; width: 20.1087%;\"><span style=\"font-family: 'trebuchet ms', geneva, sans-serif; font-size: 12pt;\">\u00a0<\/span><\/td>\n<td style=\"text-align: center; width: 66.6667%;\"><span style=\"font-family: 'trebuchet ms', geneva, sans-serif; font-size: 12pt;\"><strong>Mercredi, le 28 octobre 2026<\/strong><\/span><\/td>\n<\/tr>\n<tr>\n<td style=\"text-align: center; width: 20.1087%;\"><span style=\"font-family: 'trebuchet ms', geneva, sans-serif; font-size: 12pt;\"><em>\u00e0 partir de 08:15<\/em><\/span><\/td>\n<td style=\"text-align: center; width: 66.6667%;\"><span style=\"font-family: 'trebuchet ms', geneva, sans-serif; font-size: 12pt;\"><em>Bienvenue<br \/>\n<\/em><\/span><\/td>\n<\/tr>\n<tr>\n<td style=\"text-align: center; width: 20.1087%;\"><span style=\"font-family: 'trebuchet ms', geneva, sans-serif; font-size: 12pt;\">08:30<\/span><\/td>\n<td style=\"text-align: center; width: 66.6667%;\"><span style=\"font-family: 'trebuchet ms', geneva, sans-serif; font-size: 12pt;\">Introduction au cours et aux objectifs<\/span><\/td>\n<\/tr>\n<tr>\n<td style=\"text-align: center; width: 20.1087%;\"><span style=\"font-family: 'trebuchet ms', geneva, sans-serif; font-size: 12pt;\">08:40<\/span><\/td>\n<td style=\"text-align: center; width: 66.6667%;\"><span style=\"font-family: 'trebuchet ms', geneva, sans-serif; font-size: 12pt;\">Introduction au WSET\u00ae Niveau 3 Systematic Approach to Tasting<\/span><\/td>\n<\/tr>\n<tr>\n<td style=\"text-align: center; width: 20.1087%;\"><span style=\"font-family: 'trebuchet ms', geneva, sans-serif; font-size: 12pt;\">10:30<\/span><\/td>\n<td style=\"text-align: center; width: 66.6667%;\"><span style=\"font-family: 'trebuchet ms', geneva, sans-serif; font-size: 12pt;\">Facteurs naturels et influences humaines dans le vignoble<br \/>\n<\/span><\/td>\n<\/tr>\n<tr>\n<td style=\"text-align: center; width: 20.1087%;\"><span style=\"font-family: 'trebuchet ms', geneva, sans-serif; font-size: 12pt;\">12:00<\/span><\/td>\n<td style=\"text-align: center; width: 66.6667%;\"><span style=\"font-family: 'trebuchet ms', geneva, sans-serif; font-size: 12pt;\"><em>Pause d\u00e9jeuner<br \/>\n<\/em><\/span><\/td>\n<\/tr>\n<tr>\n<td style=\"text-align: center; width: 20.1087%;\"><span style=\"font-family: 'trebuchet ms', geneva, sans-serif; font-size: 12pt;\">13:00<\/span><\/td>\n<td style=\"text-align: center; width: 66.6667%;\"><span style=\"font-family: 'trebuchet ms', geneva, sans-serif; font-size: 12pt;\">Influences humaines dans la cave<\/span><\/td>\n<\/tr>\n<tr>\n<td style=\"text-align: center; width: 20.1087%;\"><span style=\"font-family: 'trebuchet ms', geneva, sans-serif; font-size: 12pt;\">16:30<\/span><\/td>\n<td style=\"text-align: center; width: 66.6667%;\"><span style=\"font-family: 'trebuchet ms', geneva, sans-serif; font-size: 12pt;\"><em>Questions et fin de la premi\u00e8re journ\u00e9e du cours<br \/>\n<\/em><\/span><\/td>\n<\/tr>\n<tr>\n<td style=\"text-align: center; width: 20.1087%;\"><span style=\"font-family: 'trebuchet ms', geneva, sans-serif; font-size: 12pt;\">\u00a0<\/span><\/td>\n<td style=\"text-align: center; width: 66.6667%;\"><span style=\"font-family: 'trebuchet ms', geneva, sans-serif; font-size: 12pt;\"><strong>Mardi, le 3 novembre<\/strong><strong>\u00a02026<\/strong><\/span><\/td>\n<\/tr>\n<tr>\n<td style=\"text-align: center; width: 20.1087%;\"><span style=\"font-family: 'trebuchet ms', geneva, sans-serif; font-size: 12pt;\"><em>\u00e0 partir de 08:15<\/em><\/span><\/td>\n<td style=\"text-align: center; width: 66.6667%;\"><span style=\"font-family: 'trebuchet ms', geneva, sans-serif; font-size: 12pt;\"><em>Bienvenue<\/em><\/span><\/td>\n<\/tr>\n<tr>\n<td style=\"text-align: center; width: 20.1087%;\"><span style=\"font-family: 'trebuchet ms', geneva, sans-serif; font-size: 12pt;\">08:30<\/span><\/td>\n<td style=\"text-align: center; width: 66.6667%;\"><span style=\"font-family: 'trebuchet ms', geneva, sans-serif; font-size: 12pt;\">Vins blancs d&#8217;Europe du Nord<\/span><\/td>\n<\/tr>\n<tr>\n<td style=\"text-align: center; width: 20.1087%;\"><span style=\"font-family: 'trebuchet ms', geneva, sans-serif; font-size: 12pt;\">10:30<\/span><\/td>\n<td style=\"text-align: center; width: 66.6667%;\"><span style=\"font-family: 'trebuchet ms', geneva, sans-serif; font-size: 12pt;\">Vins rouges d&#8217;Europe du Nord<\/span><\/td>\n<\/tr>\n<tr>\n<td style=\"text-align: center; width: 20.1087%;\"><span style=\"font-family: 'trebuchet ms', geneva, sans-serif; font-size: 12pt;\">12:00<\/span><\/td>\n<td style=\"text-align: center; width: 66.6667%;\"><span style=\"font-family: 'trebuchet ms', geneva, sans-serif; font-size: 12pt;\"><em>Pause d\u00e9jeuner<br \/>\n<\/em><\/span><\/td>\n<\/tr>\n<tr>\n<td style=\"text-align: center; width: 20.1087%;\"><span style=\"font-family: 'trebuchet ms', geneva, sans-serif; font-size: 12pt;\">13:00<\/span><\/td>\n<td style=\"text-align: center; width: 66.6667%;\"><span style=\"font-family: 'trebuchet ms', geneva, sans-serif; font-size: 12pt;\">Vins rouges du sud de la France<\/span><\/td>\n<\/tr>\n<tr>\n<td style=\"text-align: center; width: 20.1087%;\"><span style=\"font-family: 'trebuchet ms', geneva, sans-serif; font-size: 12pt;\">16:30<\/span><\/td>\n<td style=\"text-align: center; width: 66.6667%;\"><span style=\"font-family: 'trebuchet ms', geneva, sans-serif; font-size: 12pt;\"><i>Questions et fin de la deuxi\u00e8me journ\u00e9e du cours<\/i><\/span><\/td>\n<\/tr>\n<tr>\n<td style=\"text-align: center; width: 20.1087%;\"><span style=\"font-family: 'trebuchet ms', geneva, sans-serif; font-size: 12pt;\">\u00a0<\/span><\/td>\n<td style=\"text-align: center; width: 66.6667%;\"><span style=\"font-family: 'trebuchet ms', geneva, sans-serif; font-size: 12pt;\"><strong>Mardi, le 10 novembre 2026<\/strong><\/span><\/td>\n<\/tr>\n<tr>\n<td style=\"text-align: center; width: 20.1087%;\"><span style=\"font-family: 'trebuchet ms', geneva, sans-serif; font-size: 12pt;\"><em>\u00e0 partir de 08:15<\/em><\/span><\/td>\n<td style=\"text-align: center; width: 66.6667%;\"><span style=\"font-family: 'trebuchet ms', geneva, sans-serif; font-size: 12pt;\"><i>Bienvenue<\/i><\/span><\/td>\n<\/tr>\n<tr>\n<td style=\"text-align: center; width: 20.1087%;\"><span style=\"font-family: 'trebuchet ms', geneva, sans-serif; font-size: 12pt;\">08:30<\/span><\/td>\n<td style=\"text-align: center; width: 66.6667%;\"><span style=\"font-family: 'trebuchet ms', geneva, sans-serif; font-size: 12pt;\">Vins rouges du nord de l&#8217;Espagne<\/span><\/td>\n<\/tr>\n<tr>\n<td style=\"text-align: center; width: 20.1087%;\"><span style=\"font-family: 'trebuchet ms', geneva, sans-serif; font-size: 12pt;\">10:30<\/span><\/td>\n<td style=\"text-align: center; width: 66.6667%;\"><span style=\"font-family: 'trebuchet ms', geneva, sans-serif; font-size: 12pt;\">Vins blancs du nord-est de l&#8217;Espagne<\/span><\/td>\n<\/tr>\n<tr>\n<td style=\"text-align: center; width: 20.1087%;\"><span style=\"font-family: 'trebuchet ms', geneva, sans-serif; font-size: 12pt;\">12:00<\/span><\/td>\n<td style=\"text-align: center; width: 66.6667%;\"><span style=\"font-family: 'trebuchet ms', geneva, sans-serif; font-size: 12pt;\"><em>Pause d\u00e9jeuner<br \/>\n<\/em><\/span><\/td>\n<\/tr>\n<tr>\n<td style=\"text-align: center; width: 20.1087%;\"><span style=\"font-family: 'trebuchet ms', geneva, sans-serif; font-size: 12pt;\">13:00<\/span><\/td>\n<td style=\"text-align: center; width: 66.6667%;\"><span style=\"font-family: 'trebuchet ms', geneva, sans-serif; font-size: 12pt;\">Vins rouges du sud de la France<\/span><\/td>\n<\/tr>\n<tr>\n<td style=\"text-align: center; width: 20.1087%;\"><span style=\"font-family: 'trebuchet ms', geneva, sans-serif; font-size: 12pt;\">15:00<\/span><\/td>\n<td style=\"text-align: center; width: 66.6667%;\"><span style=\"font-family: 'trebuchet ms', geneva, sans-serif; font-size: 12pt;\">Vins blancs et rouges du nord de l&#8217;Italie<\/span><\/td>\n<\/tr>\n<tr>\n<td style=\"text-align: center; width: 20.1087%;\"><span style=\"font-family: 'trebuchet ms', geneva, sans-serif; font-size: 12pt;\">16:30<\/span><\/td>\n<td style=\"text-align: center; width: 66.6667%;\"><span style=\"font-family: 'trebuchet ms', geneva, sans-serif; font-size: 12pt;\"><em>Questions et fin de la troisi\u00e8me journ\u00e9e du cours<\/em><\/span><\/td>\n<\/tr>\n<tr>\n<td style=\"text-align: center; width: 20.1087%;\"><span style=\"font-family: 'trebuchet ms', geneva, sans-serif; font-size: 12pt;\">\u00a0<\/span><\/td>\n<td style=\"text-align: center; width: 66.6667%;\"><span style=\"font-family: 'trebuchet ms', geneva, sans-serif; font-size: 12pt;\"><strong>Mercredi, le 18 novembre 2026<\/strong><\/span><\/td>\n<\/tr>\n<tr>\n<td style=\"text-align: center; width: 20.1087%;\"><span style=\"font-family: 'trebuchet ms', geneva, sans-serif; font-size: 12pt;\"><em>\u00e0 partir de 08:15<\/em><\/span><\/td>\n<td style=\"text-align: center; width: 66.6667%;\"><span style=\"font-family: 'trebuchet ms', geneva, sans-serif; font-size: 12pt;\"><em>Bienvenue<\/em><\/span><\/td>\n<\/tr>\n<tr>\n<td style=\"text-align: center; width: 20.1087%;\"><span style=\"font-family: 'trebuchet ms', geneva, sans-serif; font-size: 12pt;\">08:30<\/span><\/td>\n<td style=\"text-align: center; width: 66.6667%;\"><span style=\"font-family: 'trebuchet ms', geneva, sans-serif; font-size: 12pt;\">Feedback Test D\u00e9gustation \u00e0 l&#8217;aveugle<\/span><\/td>\n<\/tr>\n<tr>\n<td style=\"text-align: center; width: 20.1087%;\"><span style=\"font-family: 'trebuchet ms', geneva, sans-serif; font-size: 12pt;\">09:30<\/span><\/td>\n<td style=\"text-align: center; width: 66.6667%;\"><span style=\"font-family: 'trebuchet ms', geneva, sans-serif; font-size: 12pt;\">Vins rouges d&#8217;Italie centrale et m\u00e9ridionale, de Gr\u00e8ce et du Portugal<\/span><\/td>\n<\/tr>\n<tr>\n<td style=\"text-align: center; width: 20.1087%;\"><span style=\"font-family: 'trebuchet ms', geneva, sans-serif; font-size: 12pt;\">12:00<\/span><\/td>\n<td style=\"text-align: center; width: 66.6667%;\"><span style=\"font-family: 'trebuchet ms', geneva, sans-serif; font-size: 12pt;\"><em>Pause d\u00e9jeuner<br \/>\n<\/em><\/span><\/td>\n<\/tr>\n<tr>\n<td style=\"text-align: center; width: 20.1087%;\"><span style=\"font-family: 'trebuchet ms', geneva, sans-serif; font-size: 12pt;\">13:00<\/span><\/td>\n<td style=\"text-align: center; width: 66.6667%;\"><span style=\"font-family: 'trebuchet ms', geneva, sans-serif; font-size: 12pt;\">Vins rouges premium d&#8217;Australie, des \u00c9tats-Unis, de Nouvelle-Z\u00e9lande<\/span><\/td>\n<\/tr>\n<tr>\n<td style=\"text-align: center; width: 20.1087%;\"><span style=\"font-family: 'trebuchet ms', geneva, sans-serif; font-size: 12pt;\">15:00<\/span><\/td>\n<td style=\"text-align: center; width: 66.6667%;\"><span style=\"font-family: 'trebuchet ms', geneva, sans-serif; font-size: 12pt;\">Vins blancs premium du Nouveau Monde<\/span><\/td>\n<\/tr>\n<tr>\n<td style=\"text-align: center; width: 20.1087%;\"><span style=\"font-family: 'trebuchet ms', geneva, sans-serif; font-size: 12pt;\">16:30<\/span><\/td>\n<td style=\"text-align: center; width: 66.6667%;\"><span style=\"font-family: 'trebuchet ms', geneva, sans-serif; font-size: 12pt;\"><em>Questions et fin de la quatri\u00e8me journ\u00e9e du cours<br \/>\n<\/em><\/span><\/td>\n<\/tr>\n<tr>\n<td style=\"text-align: center; width: 20.1087%;\"><span style=\"font-family: 'trebuchet ms', geneva, sans-serif; font-size: 12pt;\">\u00a0<\/span><\/td>\n<td style=\"text-align: center; width: 66.6667%;\"><span style=\"font-family: 'trebuchet ms', geneva, sans-serif; font-size: 12pt;\"><strong>Mercre<\/strong><\/span><span style=\"font-family: 'trebuchet ms', geneva, sans-serif; font-size: 12pt;\"><strong>di, le 25 novembre 2026<\/strong><\/span><\/td>\n<\/tr>\n<tr>\n<td style=\"text-align: center; width: 20.1087%;\"><span style=\"font-family: 'trebuchet ms', geneva, sans-serif; font-size: 12pt;\"><em>\u00e0 partir de 08:15<\/em><\/span><\/td>\n<td style=\"text-align: center; width: 66.6667%;\"><span style=\"font-family: 'trebuchet ms', geneva, sans-serif; font-size: 12pt;\"><em>Bienvenue<\/em><\/span><\/td>\n<\/tr>\n<tr>\n<td style=\"text-align: center; width: 20.1087%;\"><span style=\"font-family: 'trebuchet ms', geneva, sans-serif; font-size: 12pt;\">08:30<\/span><\/td>\n<td style=\"text-align: center; width: 66.6667%;\"><span style=\"font-family: 'trebuchet ms', geneva, sans-serif; font-size: 12pt;\">Sp\u00e9cialit\u00e9s r\u00e9gionales du Nouveau Monde<\/span><\/td>\n<\/tr>\n<tr>\n<td style=\"text-align: center; width: 20.1087%;\"><span style=\"font-family: 'trebuchet ms', geneva, sans-serif; font-size: 12pt;\">10:30<\/span><\/td>\n<td style=\"text-align: center; width: 66.6667%;\"><span style=\"font-family: 'trebuchet ms', geneva, sans-serif; font-size: 12pt;\">Vins mousseux<\/span><\/td>\n<\/tr>\n<tr>\n<td style=\"text-align: center; width: 20.1087%;\"><span style=\"font-family: 'trebuchet ms', geneva, sans-serif; font-size: 12pt;\">12:00<\/span><\/td>\n<td style=\"text-align: center; width: 66.6667%;\"><span style=\"font-family: 'trebuchet ms', geneva, sans-serif; font-size: 12pt;\"><em>Pause d\u00e9jeuner<\/em><\/span><\/td>\n<\/tr>\n<tr>\n<td style=\"text-align: center; width: 20.1087%;\"><span style=\"font-family: 'trebuchet ms', geneva, sans-serif; font-size: 12pt;\">13:00<\/span><\/td>\n<td style=\"text-align: center; width: 66.6667%;\"><span style=\"font-family: 'trebuchet ms', geneva, sans-serif; font-size: 12pt;\">Les vins fortifi\u00e9s<\/span><\/td>\n<\/tr>\n<tr>\n<td style=\"text-align: center; width: 20.1087%;\"><span style=\"font-family: 'trebuchet ms', geneva, sans-serif; font-size: 12pt;\">15:00<\/span><\/td>\n<td style=\"text-align: center; width: 66.6667%;\"><span style=\"font-family: 'trebuchet ms', geneva, sans-serif; font-size: 12pt;\">Atelier &#8211; Questions th\u00e9oriques<\/span><\/td>\n<\/tr>\n<tr>\n<td style=\"text-align: center; width: 20.1087%;\"><span style=\"font-family: 'trebuchet ms', geneva, sans-serif; font-size: 12pt;\">16:45<\/span><\/td>\n<td style=\"text-align: center; width: 66.6667%;\"><span style=\"font-family: 'trebuchet ms', geneva, sans-serif; font-size: 12pt;\"><em>Questions et Feedback<\/em><\/span><\/td>\n<\/tr>\n<tr>\n<td style=\"text-align: center; width: 20.1087%;\"><span style=\"font-family: 'trebuchet ms', geneva, sans-serif; font-size: 12pt;\">16:30<\/span><\/td>\n<td style=\"text-align: center; width: 66.6667%;\"><span style=\"font-family: 'trebuchet ms', geneva, sans-serif; font-size: 12pt;\"><em>Fin de la cinqui\u00e8me journ\u00e9e du cours<\/em><\/span><\/td>\n<\/tr>\n<tr>\n<td style=\"text-align: center; width: 20.1087%;\"><span style=\"font-family: 'trebuchet ms', geneva, sans-serif; font-size: 12pt;\">\u00a0<\/span><\/td>\n<td style=\"text-align: center; width: 66.6667%;\"><span style=\"font-family: 'trebuchet ms', geneva, sans-serif; font-size: 12pt;\"><strong>Dimanche, le 6 d\u00e9cembre 2026<\/strong><\/span><\/td>\n<\/tr>\n<tr>\n<td style=\"text-align: center; width: 20.1087%;\"><span style=\"font-family: 'trebuchet ms', geneva, sans-serif; font-size: 12pt;\">08:45<\/span><\/td>\n<td style=\"text-align: center; width: 66.6667%;\"><span style=\"font-family: 'trebuchet ms', geneva, sans-serif; font-size: 12pt;\"><em>Bienvenue<\/em><\/span><\/td>\n<\/tr>\n<tr>\n<td style=\"text-align: center; width: 20.1087%;\"><span style=\"font-family: 'trebuchet ms', geneva, sans-serif; font-size: 12pt;\">\u00a009:00<\/span><\/td>\n<td style=\"text-align: center; width: 66.6667%;\"><span style=\"font-family: 'trebuchet ms', geneva, sans-serif; font-size: 12pt;\">WSET\u00ae Niveau 3 examen &#8211; partie pratique &#8220;D\u00e9gustation&#8221;<\/span><\/td>\n<\/tr>\n<tr>\n<td style=\"text-align: center; width: 20.1087%;\"><span style=\"font-family: 'trebuchet ms', geneva, sans-serif; font-size: 12pt;\">09:30<\/span><\/td>\n<td style=\"text-align: center; width: 66.6667%;\"><span style=\"font-family: 'trebuchet ms', geneva, sans-serif; font-size: 12pt;\">WSET\u00ae Niveau 3 examen &#8211; partie th\u00e9orie &#8220;\u00e9crite&#8221;<\/span><\/td>\n<\/tr>\n<tr>\n<td style=\"text-align: center; width: 20.1087%;\"><span style=\"font-family: 'trebuchet ms', geneva, sans-serif; font-size: 12pt;\">12:00<\/span><\/td>\n<td style=\"text-align: center; width: 66.6667%;\"><span style=\"font-family: 'trebuchet ms', geneva, sans-serif; font-size: 12pt;\"><em>Fin du cours et de l&#8217;examen<\/em><\/span><\/td>\n<\/tr>\n<tr>\n<td style=\"text-align: center; width: 20.1087%;\" colspan=\"2\"><span style=\"font-family: 'trebuchet ms', geneva, sans-serif; font-size: 12pt;\"><em>Veuillez noter que pour l&#8217;examen du 6 d\u00e9cembre 2026, il aura lieu dans nos locaux de Berne:<\/em><br \/>\n<\/span><span style=\"font-family: 'trebuchet ms', geneva, sans-serif; font-size: 12pt;\"><em><br \/>\n<\/em><\/span><\/p>\n<p>The Beverage Institute<\/p>\n<p>Bernapark 1<\/p>\n<p>CH-3066 Deisswil <em>(Stettlen)<\/em><\/p>\n<p><em>Directions: gare de \u201cDeisswil\u201d, 14 minutes avec le S7 depuis la gare centrale de Berne, train toutes les 15 minutes<\/em><\/td>\n<\/tr>\n<\/tbody>\n<\/table>\n<ul>\n<li>Veuillez noter que ce cours est organis\u00e9 en partenariat avec GastroFribourg. Veuillez contacter le s\u00e9cretariat de <a href=\"https:\/\/www.gastrofribourg.ch\/fr\/formation\/cours-de-perfectionnement\/\" target=\"_blank\" rel=\"noopener\">GastroFribourg pour r\u00e9server votre place<\/a><\/li>\n<li>Bitte merken Sie dass der Kurs wird in Zusammenarbeit mit GastroFribourg angeboten. Bitte kontaktieren Sie <a href=\"https:\/\/www.gastrofribourg.ch\/de\" target=\"_blank\" rel=\"noopener\">GastroFribourg um Ihren Platz auf den Kurs zu reservieren<\/a><\/li>\n<\/ul>\n","protected":false},"excerpt":{"rendered":"<p>Niveau 3 &#8211; dipl\u00f4me WSET\u00ae en vins Enseignement, mat\u00e9riel d&#8217;\u00e9tude et examen en langue fran\u00e7aise. \u00a0 Mercredi, le 28 octobre 2026 \u00e0 partir de 08:15 Bienvenue 08:30 Introduction au cours et aux objectifs 08:40 Introduction au WSET\u00ae Niveau 3 Systematic Approach to Tasting 10:30 Facteurs naturels et influences humaines dans le vignoble 12:00 Pause d\u00e9jeuner &hellip; <\/p>\n<p class=\"link-more\"><a href=\"https:\/\/beverageinstitute.ch\/it\/product\/niveau-3-wset-en-vins-francais-28-10-2026-fribourg-cloture-des-inscriptions-le-12-10-2026\/\" class=\"more-link\">Leggi tutto<span class=\"screen-reader-text\"> &#8220;Niveau 3 &#8211; WSET\u00ae en vins &#8211; fran\u00e7ais &#8211; 28.10.2026 &#8211; Fribourg &#8211; cl\u00f4ture des inscriptions le 12.10.2026&#8221;<\/span><\/a><\/p>\n","protected":false},"featured_media":30799,"template":"","meta":[],"product_brand":[],"product_cat":[20,25],"product_tag":[210,208,209,79],"class_list":{"0":"post-38148","1":"product","2":"type-product","3":"status-publish","4":"has-post-thumbnail","6":"product_cat-wine-courses","7":"product_cat-l3_wine_courses","8":"product_tag-n1wset","9":"product_tag-niveau-1-vins-suisse","10":"product_tag-vin-suisse","11":"product_tag-wset","13":"first","14":"instock","15":"shipping-taxable","16":"product-type-simple"},"translation":{"provider":"WPGlobus","version":"3.0.2","language":"it","enabled_languages":["en","de","fr","it"],"languages":{"en":{"title":true,"content":true,"excerpt":false},"de":{"title":false,"content":false,"excerpt":false},"fr":{"title":false,"content":false,"excerpt":false},"it":{"title":false,"content":false,"excerpt":false}}},"_links":{"self":[{"href":"https:\/\/beverageinstitute.ch\/it\/wp-json\/wp\/v2\/product\/38148","targetHints":{"allow":["GET"]}}],"collection":[{"href":"https:\/\/beverageinstitute.ch\/it\/wp-json\/wp\/v2\/product"}],"about":[{"href":"https:\/\/beverageinstitute.ch\/it\/wp-json\/wp\/v2\/types\/product"}],"wp:featuredmedia":[{"embeddable":true,"href":"https:\/\/beverageinstitute.ch\/it\/wp-json\/wp\/v2\/media\/30799"}],"wp:attachment":[{"href":"https:\/\/beverageinstitute.ch\/it\/wp-json\/wp\/v2\/media?parent=38148"}],"wp:term":[{"taxonomy":"product_brand","embeddable":true,"href":"https:\/\/beverageinstitute.ch\/it\/wp-json\/wp\/v2\/product_brand?post=38148"},{"taxonomy":"product_cat","embeddable":true,"href":"https:\/\/beverageinstitute.ch\/it\/wp-json\/wp\/v2\/product_cat?post=38148"},{"taxonomy":"product_tag","embeddable":true,"href":"https:\/\/beverageinstitute.ch\/it\/wp-json\/wp\/v2\/product_tag?post=38148"}],"curies":[{"name":"wp","href":"https:\/\/api.w.org\/{rel}","templated":true}]}}